{"id":3,"date":"2022-03-24T20:03:30","date_gmt":"2022-03-24T18:03:30","guid":{"rendered":"https:\/\/www.pointcogroup.com\/?page_id=3"},"modified":"2023-08-22T10:00:08","modified_gmt":"2023-08-22T08:00:08","slug":"privacy-policy","status":"publish","type":"page","link":"https:\/\/www.pointcocapital.com\/pl\/privacy-policy\/","title":{"rendered":"Nota prawna"},"content":{"rendered":"<p>Niniejsza strona <a href=\"https:\/\/www.pointcocapital.com\">https:\/\/www.pointcocapital.com<\/a> (zwana dalej &#8222;Stron\u0105&#8221;) jest opublikowana przez firm\u0119 PointCo Capital.<\/p>\r\n<p>&nbsp;<\/p>\r\n<p><strong>Siedziba:<\/strong> 10 rue de Penthi\u00e8vre, 75008, Paris<br \/>SAS unipersonnelle z kapita\u0142em o wysoko\u015bci 100 000 \u20ac zarejestrowany w RCS w Pary\u017cu pod numerem 539 807 677<br \/>Wewn\u0105trzwsp\u00f3lnotowy numer VAT: FR89539807677<br \/><strong>Telefon :<\/strong> <a href=\"tel:+33176433444\">(+33) 1 76 43 34 44<\/a><br \/><strong>Mail:<\/strong> <a href=\"mailto:contact@pointcocapital.fr\">contact@pointcocapital.fr<\/a><br \/><strong>Dyrektor publikacji:<\/strong> J\u00e9r\u00f4me Cornille, Dyrektor Generalny PointCo Capital<br \/><br \/><\/p>\r\n<p>&nbsp;<\/p>\r\n<p><strong>Hosting<\/strong> strony internetowej jest zapewniany przez firm\u0119 OVH<br \/>SAS z kapita\u0142em o wysoko\u015bci 174 560 \u20ac<br \/>RCS Lille M\u00e9tropole 424 761 419 00045<br \/>Siedziba: 2 rue Kellermann &#8211; 59100 Roubaix &#8211; France<\/p>\r\n<p>&nbsp;<\/p>\r\n<p>POINTCO CAPITAL prowadzi w szczeg\u00f3lno\u015bci dzia\u0142alno\u015b\u0107 po\u015brednika w obrocie nieruchomo\u015bciami regulowan\u0105 ustaw\u0105 nr 70-9 z dnia 2 stycznia 1970 r. i jej dekretem wykonawczym nr 72-678 z dnia 20 lipca 1972 r.<\/p>\r\n<p><br \/>POINTCO CAPITAL jest zarejestrowany Registre du Commerce et des Soci\u00e9t\u00e9s de Paris (w Rejestrze Przedsi\u0119biorstw) (zwanym RCS) <br \/>Numer legitymacji zawodowej: CPI 7501 2021 000 000 614<br \/>CCI do wydania legitymacji zawodowej: CCI Paris Ile-de-France<\/p>\r\n<p>&nbsp;<\/p>\r\n<p><strong>Credits<\/strong><br \/>2022 \u2013 POINTCO CAPITAL \u2013 ALL RIGHTS RESERVED<br \/>Photos by Cyril Abad &amp; Mathias Zwick (from Inland Stories)<br \/>Contents by the PointCo Capital Communication<br \/>Designed by the PointCo Capital Communication &amp; Arttractiv \u2028Developed by Arttractiv<\/p>\r\n<p>&nbsp;<\/p>\r\n<p>&nbsp;<\/p>\r\n<p>&nbsp;<\/p>","protected":false},"excerpt":{"rendered":"<p>Niniejsza strona https:\/\/www.pointcocapital.com (zwana dalej &#8222;Stron\u0105&#8221;) jest opublikowana przez firm\u0119 PointCo Capital. &nbsp; Siedziba: 10 rue de Penthi\u00e8vre, 75008, ParisSAS unipersonnelle z kapita\u0142em o wysoko\u015bci 100 000 \u20ac zarejestrowany w RCS w Pary\u017cu pod numerem 539 807 677Wewn\u0105trzwsp\u00f3lnotowy numer VAT: FR89539807677Telefon : (+33) 1 76 43 34 44Mail: contact@pointcocapital.frDyrektor publikacji: J\u00e9r\u00f4me Cornille, Dyrektor Generalny PointCo [&hellip;]<\/p>\n","protected":false},"author":5,"featured_media":0,"parent":0,"menu_order":3,"comment_status":"closed","ping_status":"open","template":"","meta":{"inline_featured_image":false,"footnotes":""},"class_list":["post-3","page","type-page","status-publish","hentry"],"acf":[],"yoast_head":"<!-- This site is optimized with the Yoast SEO plugin v26.6 - https:\/\/yoast.com\/wordpress\/plugins\/seo\/ -->\n<title>Nota prawna | Pointco Capital<\/title>\n<meta name=\"robots\" content=\"index, follow, max-snippet:-1, max-image-preview:large, max-video-preview:-1\" \/>\n<link rel=\"canonical\" href=\"https:\/\/www.pointcocapital.com\/pl\/privacy-policy\/\" \/>\n<meta property=\"og:locale\" content=\"pl_PL\" \/>\n<meta property=\"og:type\" content=\"article\" \/>\n<meta property=\"og:title\" content=\"Nota prawna | Pointco Capital\" \/>\n<meta property=\"og:description\" content=\"Niniejsza strona https:\/\/www.pointcocapital.com (zwana dalej &#8222;Stron\u0105&#8221;) jest opublikowana przez firm\u0119 PointCo Capital. &nbsp; Siedziba: 10 rue de Penthi\u00e8vre, 75008, ParisSAS unipersonnelle z kapita\u0142em o wysoko\u015bci 100 000 \u20ac zarejestrowany w RCS w Pary\u017cu pod numerem 539 807 677Wewn\u0105trzwsp\u00f3lnotowy numer VAT: FR89539807677Telefon : (+33) 1 76 43 34 44Mail: contact@pointcocapital.frDyrektor publikacji: J\u00e9r\u00f4me Cornille, Dyrektor Generalny PointCo [&hellip;]\" \/>\n<meta property=\"og:url\" content=\"https:\/\/www.pointcocapital.com\/pl\/privacy-policy\/\" \/>\n<meta property=\"og:site_name\" content=\"Pointco Capital\" \/>\n<meta property=\"article:modified_time\" content=\"2023-08-22T08:00:08+00:00\" \/>\n<meta name=\"twitter:card\" content=\"summary_large_image\" \/>\n<meta name=\"twitter:label1\" content=\"Szacowany czas czytania\" \/>\n\t<meta name=\"twitter:data1\" content=\"1 minuta\" \/>\n<script type=\"application\/ld+json\" class=\"yoast-schema-graph\">{\"@context\":\"https:\/\/schema.org\",\"@graph\":[{\"@type\":\"WebPage\",\"@id\":\"https:\/\/www.pointcocapital.com\/pl\/privacy-policy\/\",\"url\":\"https:\/\/www.pointcocapital.com\/pl\/privacy-policy\/\",\"name\":\"Nota prawna | Pointco Capital\",\"isPartOf\":{\"@id\":\"https:\/\/www.pointcocapital.com\/pl\/#website\"},\"datePublished\":\"2022-03-24T18:03:30+00:00\",\"dateModified\":\"2023-08-22T08:00:08+00:00\",\"breadcrumb\":{\"@id\":\"https:\/\/www.pointcocapital.com\/pl\/privacy-policy\/#breadcrumb\"},\"inLanguage\":\"pl-PL\",\"potentialAction\":[{\"@type\":\"ReadAction\",\"target\":[[\"https:\/\/www.pointcocapital.com\/pl\/privacy-policy\/\"]]}]},{\"@type\":\"BreadcrumbList\",\"@id\":\"https:\/\/www.pointcocapital.com\/pl\/privacy-policy\/#breadcrumb\",\"itemListElement\":[{\"@type\":\"ListItem\",\"position\":1,\"name\":\"Home\",\"item\":\"https:\/\/www.pointcocapital.com\/pl\/\"},{\"@type\":\"ListItem\",\"position\":2,\"name\":\"Legal notices\"}]},{\"@type\":\"WebSite\",\"@id\":\"https:\/\/www.pointcocapital.com\/pl\/#website\",\"url\":\"https:\/\/www.pointcocapital.com\/pl\/\",\"name\":\"Pointco Capital\",\"description\":\"\",\"publisher\":{\"@id\":\"https:\/\/www.pointcocapital.com\/pl\/#organization\"},\"potentialAction\":[{\"@type\":\"SearchAction\",\"target\":{\"@type\":\"EntryPoint\",\"urlTemplate\":\"https:\/\/www.pointcocapital.com\/pl\/?s={search_term_string}\"},\"query-input\":{\"@type\":\"PropertyValueSpecification\",\"valueRequired\":true,\"valueName\":\"search_term_string\"}}],\"inLanguage\":\"pl-PL\"},{\"@type\":\"Organization\",\"@id\":\"https:\/\/www.pointcocapital.com\/pl\/#organization\",\"name\":\"Pointco Capital\",\"url\":\"https:\/\/www.pointcocapital.com\/pl\/\",\"logo\":{\"@type\":\"ImageObject\",\"inLanguage\":\"pl-PL\",\"@id\":\"https:\/\/www.pointcocapital.com\/pl\/#\/schema\/logo\/image\/\",\"url\":\"https:\/\/www.pointcocapital.com\/wp-content\/uploads\/2022\/03\/pg-logo.svg\",\"contentUrl\":\"https:\/\/www.pointcocapital.com\/wp-content\/uploads\/2022\/03\/pg-logo.svg\",\"width\":185,\"height\":115,\"caption\":\"Pointco Capital\"},\"image\":{\"@id\":\"https:\/\/www.pointcocapital.com\/pl\/#\/schema\/logo\/image\/\"}}]}<\/script>\n<!-- \/ Yoast SEO plugin. -->","yoast_head_json":{"title":"Nota prawna | Pointco Capital","robots":{"index":"index","follow":"follow","max-snippet":"max-snippet:-1","max-image-preview":"max-image-preview:large","max-video-preview":"max-video-preview:-1"},"canonical":"https:\/\/www.pointcocapital.com\/pl\/privacy-policy\/","og_locale":"pl_PL","og_type":"article","og_title":"Nota prawna | Pointco Capital","og_description":"Niniejsza strona https:\/\/www.pointcocapital.com (zwana dalej &#8222;Stron\u0105&#8221;) jest opublikowana przez firm\u0119 PointCo Capital. &nbsp; Siedziba: 10 rue de Penthi\u00e8vre, 75008, ParisSAS unipersonnelle z kapita\u0142em o wysoko\u015bci 100 000 \u20ac zarejestrowany w RCS w Pary\u017cu pod numerem 539 807 677Wewn\u0105trzwsp\u00f3lnotowy numer VAT: FR89539807677Telefon : (+33) 1 76 43 34 44Mail: contact@pointcocapital.frDyrektor publikacji: J\u00e9r\u00f4me Cornille, Dyrektor Generalny PointCo [&hellip;]","og_url":"https:\/\/www.pointcocapital.com\/pl\/privacy-policy\/","og_site_name":"Pointco Capital","article_modified_time":"2023-08-22T08:00:08+00:00","twitter_card":"summary_large_image","twitter_misc":{"Szacowany czas czytania":"1 minuta"},"schema":{"@context":"https:\/\/schema.org","@graph":[{"@type":"WebPage","@id":"https:\/\/www.pointcocapital.com\/pl\/privacy-policy\/","url":"https:\/\/www.pointcocapital.com\/pl\/privacy-policy\/","name":"Nota prawna | Pointco Capital","isPartOf":{"@id":"https:\/\/www.pointcocapital.com\/pl\/#website"},"datePublished":"2022-03-24T18:03:30+00:00","dateModified":"2023-08-22T08:00:08+00:00","breadcrumb":{"@id":"https:\/\/www.pointcocapital.com\/pl\/privacy-policy\/#breadcrumb"},"inLanguage":"pl-PL","potentialAction":[{"@type":"ReadAction","target":[["https:\/\/www.pointcocapital.com\/pl\/privacy-policy\/"]]}]},{"@type":"BreadcrumbList","@id":"https:\/\/www.pointcocapital.com\/pl\/privacy-policy\/#breadcrumb","itemListElement":[{"@type":"ListItem","position":1,"name":"Home","item":"https:\/\/www.pointcocapital.com\/pl\/"},{"@type":"ListItem","position":2,"name":"Legal notices"}]},{"@type":"WebSite","@id":"https:\/\/www.pointcocapital.com\/pl\/#website","url":"https:\/\/www.pointcocapital.com\/pl\/","name":"Pointco Capital","description":"","publisher":{"@id":"https:\/\/www.pointcocapital.com\/pl\/#organization"},"potentialAction":[{"@type":"SearchAction","target":{"@type":"EntryPoint","urlTemplate":"https:\/\/www.pointcocapital.com\/pl\/?s={search_term_string}"},"query-input":{"@type":"PropertyValueSpecification","valueRequired":true,"valueName":"search_term_string"}}],"inLanguage":"pl-PL"},{"@type":"Organization","@id":"https:\/\/www.pointcocapital.com\/pl\/#organization","name":"Pointco Capital","url":"https:\/\/www.pointcocapital.com\/pl\/","logo":{"@type":"ImageObject","inLanguage":"pl-PL","@id":"https:\/\/www.pointcocapital.com\/pl\/#\/schema\/logo\/image\/","url":"https:\/\/www.pointcocapital.com\/wp-content\/uploads\/2022\/03\/pg-logo.svg","contentUrl":"https:\/\/www.pointcocapital.com\/wp-content\/uploads\/2022\/03\/pg-logo.svg","width":185,"height":115,"caption":"Pointco Capital"},"image":{"@id":"https:\/\/www.pointcocapital.com\/pl\/#\/schema\/logo\/image\/"}}]}},"_links":{"self":[{"href":"https:\/\/www.pointcocapital.com\/pl\/wp-json\/wp\/v2\/pages\/3","targetHints":{"allow":["GET"]}}],"collection":[{"href":"https:\/\/www.pointcocapital.com\/pl\/wp-json\/wp\/v2\/pages"}],"about":[{"href":"https:\/\/www.pointcocapital.com\/pl\/wp-json\/wp\/v2\/types\/page"}],"author":[{"embeddable":true,"href":"https:\/\/www.pointcocapital.com\/pl\/wp-json\/wp\/v2\/users\/5"}],"replies":[{"embeddable":true,"href":"https:\/\/www.pointcocapital.com\/pl\/wp-json\/wp\/v2\/comments?post=3"}],"version-history":[{"count":29,"href":"https:\/\/www.pointcocapital.com\/pl\/wp-json\/wp\/v2\/pages\/3\/revisions"}],"predecessor-version":[{"id":2222,"href":"https:\/\/www.pointcocapital.com\/pl\/wp-json\/wp\/v2\/pages\/3\/revisions\/2222"}],"wp:attachment":[{"href":"https:\/\/www.pointcocapital.com\/pl\/wp-json\/wp\/v2\/media?parent=3"}],"curies":[{"name":"wp","href":"https:\/\/api.w.org\/{rel}","templated":true}]}}