{"id":2015,"date":"2023-01-23T10:20:15","date_gmt":"2023-01-23T09:20:15","guid":{"rendered":"https:\/\/www.pointcogroup.com\/?page_id=2015"},"modified":"2023-08-21T15:24:30","modified_gmt":"2023-08-21T13:24:30","slug":"general-terms-of-use","status":"publish","type":"page","link":"https:\/\/www.pointcocapital.com\/pl\/general-terms-of-use\/","title":{"rendered":"Og\u00f3lne warunki u\u017cytkowania"},"content":{"rendered":"<p><strong>Artyku\u0142 1 &#8211; Informacje obowi\u0105zkowe<\/strong><\/p>\n<p>POINTCO CAPITAL tworz\u0105 trzy podmioty: POINTCO INVESTMENT, POINTCO HEALTHCARE oraz POINTCO ASSET MANAGEMENT.<\/p>\n<p>POINTCO INVESTMENT oferuje mo\u017cliwo\u015bci inwestycyjne i wsparcie szyte na miar\u0119 w realizacji transakcji nieruchomo\u015bciowych.<\/p>\n<p>POINTCO HEALTHCARE wspiera operator\u00f3w z sektora ochrony zdrowia w ich rozwoju i oferuje im us\u0142ug\u0119 poszukiwania finansowania oraz mo\u017cliwo\u015bci przej\u0119\u0107 zewn\u0119trznych (M&amp;A).<\/p>\n<p>POINTCO ASSET MANAGEMENT realizuje projekty budowlane we wsp\u00f3\u0142pracy z europejskimi partnerami oraz uczestniczy w transakcjach jako sprzedawca towar\u00f3w.<\/p>\n<p>Niniejsza strona internetowa <a href=\"http:\/\/www.pointcocapital.com\">http:\/\/www.pointcocapital.com<\/a> (zwana dalej &#8222;Stron\u0105&#8221;) jest publikowana przez jednoosobow\u0105 sp\u00f3\u0142k\u0119 z ograniczon\u0105 odpowiedzialno\u015bci\u0105 POINTCO CAPITAL (zwan\u0105 dalej &#8222;POINTCO CAPITAL&#8221;), z kapita\u0142em w wysoko\u015bci 100 000 EUR, z siedzib\u0105 pod adresem 10 rue de Penthi\u00e8vre, 75008, Paris, zarejestrowan\u0105 w Rejestrze Handlowym i Sp\u00f3\u0142ek Pary\u017c pod numerem 539 807 677 (wewn\u0105trzwsp\u00f3lnotowy numer VAT : FR89539807677).<\/p>\n<p>W przypadku kontaktu:<br \/>\nE-mail: <a href=\"mailto:contact@pointcocapital.fr\">contact@pointcocapital.fr<\/a><br \/>\nTelefon : <a href=\"tel:+33%201%2076%2043%2034%2044\">(+33) 1 76 43 34 44<\/a><\/p>\n<p>&nbsp;<\/p>\n<p><strong>Artyku\u0142 2 &#8211; Postanowienia og\u00f3lne dotycz\u0105ce niniejszych og\u00f3lnych warunk\u00f3w u\u017cytkowania (zwane dalej &#8222;OWU&#8221;)<\/strong><\/p>\n<p>Korzystanie ze Strony oznacza pe\u0142n\u0105 akceptacj\u0119 przez u\u017cytkownik\u00f3w Strony (zwanych dalej &#8222;U\u017cytkownikiem(ami)&#8221;) OWU opisanych poni\u017cej.<\/p>\n<p>POINTCO CAPITAL informuje U\u017cytkownik\u00f3w, \u017ce niniejszy Regulamin mo\u017ce by\u0107 w ka\u017cdej chwili modyfikowany, uzupe\u0142niany lub aktualizowany. Zmiany te s\u0105 publikowane, gdy s\u0105 publikowane online i uznaje si\u0119 je za zaakceptowane bez zastrze\u017ce\u0144 podczas uzyskiwania dost\u0119pu do Witryny po ich umieszczeniu w Internecie. U\u017cytkownikom zaleca si\u0119 regularne sprawdzanie tej strony.<\/p>\n<p>&nbsp;<\/p>\n<p><strong>Artyku\u0142 3 &#8211; Postanowienia og\u00f3lne dotycz\u0105ce Strony<\/strong><\/p>\n<p>Celem Strony jest dostarczanie informacji o wszystkich us\u0142ugach oferowanych przez POINTCO CAPITAL.<br \/>\nStrona jest zwykle dost\u0119pna dla u\u017cytkownik\u00f3w w dowolnym momencie. O przerwie spowodowanej konserwacj\u0105 techniczn\u0105 mo\u017ce jednak zadecydowa\u0107 POINTCO CAPITAL, kt\u00f3ry nast\u0119pnie do\u0142o\u017cy stara\u0144, aby z wyprzedzeniem poinformowa\u0107 U\u017cytkownik\u00f3w o terminach i godzinach interwencji.<br \/>\nZawarto\u015b\u0107 Strony jest regularnie aktualizowana przez POINTCO CAPITAL, kt\u00f3ra mo\u017ce j\u0105 modyfikowa\u0107 w dowolnym czasie i bez uprzedzenia.<br \/>\nPOINTCO CAPITAL dok\u0142ada wszelkich stara\u0144, aby informacje na stronie by\u0142y jak najdok\u0142adniejsze. Nie mo\u017ce jednak ponosi\u0107 odpowiedzialno\u015bci za pomini\u0119cia, nie\u015bcis\u0142o\u015bci i braki w aktualizacji, ani przez siebie, ani przez partner\u00f3w zewn\u0119trznych, kt\u00f3rzy dostarczaj\u0105 mu te informacje.<br \/>\nWszystkie informacje wskazane na Stronie s\u0105 podane jako wskaz\u00f3wka i mog\u0105 ulec zmianie. Ponadto informacje na temat Strony nie s\u0105 wyczerpuj\u0105ce. S\u0105 one nadawane z zastrze\u017ceniem zmian, kt\u00f3re zosta\u0142y wprowadzone od czasu ich umieszczenia w Internecie.<\/p>\n<p>&nbsp;<\/p>\n<p><strong>Artyku\u0142 4 &#8211; W\u0142asno\u015b\u0107 intelektualna<\/strong><\/p>\n<p>POINTCO CAPITAL jest w\u0142a\u015bcicielem praw do nazw, znak\u00f3w towarowych i logo POINTCO CAPITAL, POINTCO INVESTMENT, POINTCO HEALTHCARE i POINTCO ASSET MANAGEMENT, a tak\u017ce powi\u0105zanych nazw domen.<\/p>\n<p>Strona jako ca\u0142o\u015b\u0107, jej og\u00f3lna struktura, a tak\u017ce oprogramowanie, struktury drzew, teksty, obrazy, grafiki, fotografie, ilustracje, diagramy, logo, d\u017awi\u0119ki, animacje i wszelkie inne elementy sk\u0142adaj\u0105ce si\u0119 na Stron\u0119 s\u0105 dzie\u0142ami umys\u0142u i tworami chronionymi prawem w\u0142asno\u015bci intelektualnej. Elementy te stanowi\u0105 wy\u0142\u0105czn\u0105 w\u0142asno\u015b\u0107 POINTCO CAPITAL lub s\u0105 regularnie eksploatowane na podstawie licencji, a POINTCO CAPITAL jest wy\u0142\u0105cznie uprawniony do korzystania z praw w\u0142asno\u015bci intelektualnej z nimi zwi\u0105zanych.<br \/>\nKorzystanie z ca\u0142o\u015bci lub cz\u0119\u015bci Strony, w szczeg\u00f3lno\u015bci poprzez pobieranie, powielanie, przesy\u0142anie, przedstawianie lub rozpowszechnianie w celach innych ni\u017c u\u017cytek osobisty i prywatny w celach niekomercyjnych jest surowo zabronione. Naruszenie tych przepis\u00f3w nara\u017ca Ci\u0119 na kary przewidziane zar\u00f3wno przez Kodeks w\u0142asno\u015bci intelektualnej i Kodeks karny z tytu\u0142u naruszenia prawa autorskiego i prawa znak\u00f3w towarowych, jak i przez Kodeks cywilny w sprawach odpowiedzialno\u015bci cywilnej.<br \/>\nTworzenie link\u00f3w hipertekstowych do Strony mo\u017ce odbywa\u0107 si\u0119 wy\u0142\u0105cznie za uprzedni\u0105 pisemn\u0105 zgod\u0105 POINTCO CAPITAL, kt\u00f3ra to autoryzacja mo\u017ce zosta\u0107 cofni\u0119ta w dowolnym momencie.<\/p>\n<p>&nbsp;<\/p>\n<p><strong>Artyku\u0142 5 &#8211; Dane osobowe<\/strong><\/p>\n<p>POINTCO CAPITAL wdra\u017ca Polityk\u0119 Ochrony Danych Osobowych (&#8222;Dane Osobowe&#8221;) udost\u0119pnian\u0105 U\u017cytkownikom na Stronie (dost\u0119pn\u0105 tutaj).<\/p>\n<p>&nbsp;<\/p>\n<p><strong>Artyku\u0142 6 \u2013 Pliki cookies<\/strong><\/p>\n<p>POINTCO CAPITAL mo\u017ce wykorzystywa\u0107 pliki cookie w celu u\u0142atwienia nawigacji i dzia\u0142ania tej Strony, a tak\u017ce w celu ustalenia statystyk i nat\u0119\u017cenia ruchu na tej Stronie.<\/p>\n<p>&#8222;Cookie&#8221; to ma\u0142y plik (mniej ni\u017c 4 KB), przechowywany przez Stron\u0119 na dysku twardym U\u017cytkownika, zawieraj\u0105cy informacje dotycz\u0105ce nawyk\u00f3w przegl\u0105dania U\u017cytkownika.<\/p>\n<p>Pliki te umo\u017cliwiaj\u0105 przetwarzanie statystyk i informacji o ruchu drogowym, u\u0142atwiaj\u0105 nawigacj\u0119 i ulepszaj\u0105 obs\u0142ug\u0119 dla wygody U\u017cytkownika.<\/p>\n<p>W przypadku korzystania z plik\u00f3w &#8222;cookies&#8221; obejmuj\u0105cych zapisywanie i analiz\u0119 danych osobowych konieczne jest uzyskanie zgody U\u017cytkownika.<\/p>\n<p>Niniejsza zgoda U\u017cytkownika jest uwa\u017cana za wa\u017cn\u0105 przez okres maksymalnie 6 (sze\u015b\u0107) miesi\u0119cy. Po up\u0142ywie tego okresu strona ponownie poprosi U\u017cytkownika o zgod\u0119 na zapisywanie plik\u00f3w &#8222;cookies&#8221; na jego dysku twardym.<\/p>\n<p>Pliki cookies, kt\u00f3re nie s\u0105 niezb\u0119dne do dzia\u0142ania serwisu, umieszczane s\u0105 na urz\u0105dzeniu ko\u0144cowym U\u017cytkownika dopiero po uzyskaniu jego zgody. U\u017cytkownik mo\u017ce wycofa\u0107 swoj\u0105 zgod\u0119 w dowolnym momencie, w nast\u0119puj\u0105cy spos\u00f3b:<\/p>\n<p>Og\u00f3lnie rzecz bior\u0105c, zwraca si\u0119 uwag\u0119 U\u017cytkownika, \u017ce mo\u017ce on sprzeciwi\u0107 si\u0119 rejestracji tych plik\u00f3w &#8222;cookies&#8221;, konfiguruj\u0105c oprogramowanie przegl\u0105darki. W tym celu przydatne mo\u017ce by\u0107 zapoznanie si\u0119 z menu &#8222;Pomoc&#8221; przegl\u0105darki.<\/p>\n<p>W przypadku, gdy U\u017cytkownik zdecyduje si\u0119 wy\u0142\u0105czy\u0107 pliki &#8222;cookies&#8221;, mo\u017ce kontynuowa\u0107 przegl\u0105danie Serwisu. Jednak jakiekolwiek nieprawid\u0142owe dzia\u0142anie Witryny spowodowane t\u0105 manipulacj\u0105 nie mo\u017ce by\u0107 uwa\u017cane za spowodowane przez wydawc\u0119 Strony.<\/p>\n<p>Przegl\u0105daj\u0105c stron\u0119 U\u017cytkownik jest informowany, \u017ce pliki &#8222;cookies&#8221; podmiot\u00f3w trzecich mog\u0105 by\u0107 zapisywane.<\/p>\n<p>Ponadto strona integruje przyciski sieci spo\u0142eczno\u015bciowych, umo\u017cliwiaj\u0105c U\u017cytkownikowi udost\u0119pnianie swojej aktywno\u015bci na Stronie. Pliki &#8222;cookies&#8221; z tych sieci spo\u0142eczno\u015bciowych mog\u0105 by\u0107 zatem przechowywane na komputerze U\u017cytkownika podczas korzystania z tych funkcji.<\/p>\n<p>Zwraca si\u0119 uwag\u0119 U\u017cytkownika na fakt, \u017ce strony te maj\u0105 w\u0142asne polityki prywatno\u015bci i og\u00f3lne warunki u\u017cytkowania, kt\u00f3re mog\u0105 r\u00f3\u017cni\u0107 si\u0119 od Strony. Wydawca Strony zaprasza U\u017cytkownik\u00f3w do zapoznania si\u0119 z polityk\u0105 prywatno\u015bci i og\u00f3lnymi warunkami korzystania z tych Stron.<\/p>\n<p>&nbsp;<\/p>\n<p><strong>Artyku\u0142 7 &#8211; Gwarancje i odpowiedzialno\u015b\u0107<\/strong><\/p>\n<p>POINTCO CAPITAL dok\u0142ada wszelkich stara\u0144, aby informacje dost\u0119pne za po\u015brednictwem Strony by\u0142y dok\u0142adne i aktualne. POINTCO CAPITAL nie gwarantuje jednak w \u017caden spos\u00f3b, \u017ce informacje te s\u0105 dok\u0142adne, kompletne i aktualne.<\/p>\n<p>POINTCO CAPITAL nie udziela \u017cadnej gwarancji, wyra\u017anej ani dorozumianej, dotycz\u0105cej ca\u0142o\u015bci lub cz\u0119\u015bci Strony. POINTCO CAPITAL nie ponosi r\u00f3wnie\u017c wszelkiej odpowiedzialno\u015bci za dost\u0119p i zawarto\u015b\u0107 stron powi\u0105zanych ze Stron\u0105.<\/p>\n<p>W \u017cadnym wypadku POINTCO CAPITAL nie ponosi odpowiedzialno\u015bci za jakiekolwiek bezpo\u015brednie lub po\u015brednie szkody, niezale\u017cnie od przyczyny, pochodzenia, charakteru i konsekwencji, wynikaj\u0105ce z konsultacji lub korzystania ze Strony.<\/p>\n<p>U\u017cytkownik strony zobowi\u0105zuje si\u0119 do uzyskania dost\u0119pu do Strony za pomoc\u0105 najnowszego sprz\u0119tu, nie zawieraj\u0105cego wirus\u00f3w i zaktualizowanej przegl\u0105darki ostatniej generacji.<\/p>\n<p>POINTCO CAPITAL nie ponosi odpowiedzialno\u015bci za jakiekolwiek bezpo\u015brednie lub po\u015brednie szkody wyrz\u0105dzone sprz\u0119towi U\u017cytkownika podczas uzyskiwania dost\u0119pu do Strony.<\/p>\n<p>POINTCO CAPITAL nie ponosi r\u00f3wnie\u017c odpowiedzialno\u015bci za szkody po\u015brednie (takie jak na przyk\u0142ad utrata rynku lub utrata mo\u017cliwo\u015bci) wynikaj\u0105ce z korzystania ze Strony.<\/p>\n<p>POINTCO CAPITAL nie kontroluje ryzyka zwi\u0105zanego z funkcjonowaniem sieci Internet i zwraca uwag\u0119 U\u017cytkownik\u00f3w na istnienie ewentualnych zagro\u017ce\u0144 w zakresie poufno\u015bci danych przep\u0142ywaj\u0105cych przez sie\u0107.<\/p>\n<p>Wszystkie strony z hiper\u0142\u0105czem do Strony nie s\u0105 pod kontrol\u0105 POINTCO CAPITAL, kt\u00f3ra w zwi\u0105zku z tym nie ponosi \u017cadnej odpowiedzialno\u015bci (w tym redakcyjnej) za dost\u0119p i zawarto\u015b\u0107 tych stron.<\/p>\n<p>&nbsp;<\/p>\n<p><strong>Artyku\u0142 8 &#8211; Prawo w\u0142a\u015bciwe i jurysdykcja<\/strong><\/p>\n<p>Niniejszy Regulamin jest ustanowiony zgodnie z obowi\u0105zuj\u0105cym prawem francuskim i podlega prawu francuskiemu.<\/p>\n<p>S\u0105d S\u0105dowy w Pary\u017cu jest w\u0142a\u015bciwy terytorialnie do rozpatrywania wszelkich spor\u00f3w zwi\u0105zanych z korzystaniem ze Strony.<\/p>\n<p>&nbsp;<\/p>","protected":false},"excerpt":{"rendered":"<p>Artyku\u0142 1 &#8211; Informacje obowi\u0105zkowe POINTCO CAPITAL tworz\u0105 trzy podmioty: POINTCO INVESTMENT, POINTCO HEALTHCARE oraz POINTCO ASSET MANAGEMENT. POINTCO INVESTMENT oferuje mo\u017cliwo\u015bci inwestycyjne i wsparcie szyte na miar\u0119 w realizacji transakcji nieruchomo\u015bciowych. POINTCO HEALTHCARE wspiera operator\u00f3w z sektora ochrony zdrowia w ich rozwoju i oferuje im us\u0142ug\u0119 poszukiwania finansowania oraz mo\u017cliwo\u015bci przej\u0119\u0107 zewn\u0119trznych (M&amp;A). POINTCO [&hellip;]<\/p>\n","protected":false},"author":4,"featured_media":0,"parent":0,"menu_order":0,"comment_status":"closed","ping_status":"closed","template":"","meta":{"inline_featured_image":false,"footnotes":""},"class_list":["post-2015","page","type-page","status-publish","hentry"],"acf":[],"yoast_head":"<!-- This site is optimized with the Yoast SEO plugin v26.6 - https:\/\/yoast.com\/wordpress\/plugins\/seo\/ -->\n<title>Og\u00f3lne warunki u\u017cytkowania | Pointco Capital<\/title>\n<meta name=\"robots\" content=\"index, follow, max-snippet:-1, max-image-preview:large, max-video-preview:-1\" \/>\n<link rel=\"canonical\" href=\"https:\/\/www.pointcocapital.com\/pl\/general-terms-of-use\/\" \/>\n<meta property=\"og:locale\" content=\"pl_PL\" \/>\n<meta property=\"og:type\" content=\"article\" \/>\n<meta property=\"og:title\" content=\"Og\u00f3lne warunki u\u017cytkowania | Pointco Capital\" \/>\n<meta property=\"og:description\" content=\"Artyku\u0142 1 &#8211; Informacje obowi\u0105zkowe POINTCO CAPITAL tworz\u0105 trzy podmioty: POINTCO INVESTMENT, POINTCO HEALTHCARE oraz POINTCO ASSET MANAGEMENT. POINTCO INVESTMENT oferuje mo\u017cliwo\u015bci inwestycyjne i wsparcie szyte na miar\u0119 w realizacji transakcji nieruchomo\u015bciowych. POINTCO HEALTHCARE wspiera operator\u00f3w z sektora ochrony zdrowia w ich rozwoju i oferuje im us\u0142ug\u0119 poszukiwania finansowania oraz mo\u017cliwo\u015bci przej\u0119\u0107 zewn\u0119trznych (M&amp;A). POINTCO [&hellip;]\" \/>\n<meta property=\"og:url\" content=\"https:\/\/www.pointcocapital.com\/pl\/general-terms-of-use\/\" \/>\n<meta property=\"og:site_name\" content=\"Pointco Capital\" \/>\n<meta property=\"article:modified_time\" content=\"2023-08-21T13:24:30+00:00\" \/>\n<meta name=\"twitter:card\" content=\"summary_large_image\" \/>\n<meta name=\"twitter:label1\" content=\"Szacowany czas czytania\" \/>\n\t<meta name=\"twitter:data1\" content=\"6 minut\" \/>\n<script type=\"application\/ld+json\" class=\"yoast-schema-graph\">{\"@context\":\"https:\/\/schema.org\",\"@graph\":[{\"@type\":\"WebPage\",\"@id\":\"https:\/\/www.pointcocapital.com\/pl\/general-terms-of-use\/\",\"url\":\"https:\/\/www.pointcocapital.com\/pl\/general-terms-of-use\/\",\"name\":\"Og\u00f3lne warunki u\u017cytkowania | Pointco Capital\",\"isPartOf\":{\"@id\":\"https:\/\/www.pointcocapital.com\/pl\/#website\"},\"datePublished\":\"2023-01-23T09:20:15+00:00\",\"dateModified\":\"2023-08-21T13:24:30+00:00\",\"breadcrumb\":{\"@id\":\"https:\/\/www.pointcocapital.com\/pl\/general-terms-of-use\/#breadcrumb\"},\"inLanguage\":\"pl-PL\",\"potentialAction\":[{\"@type\":\"ReadAction\",\"target\":[[\"https:\/\/www.pointcocapital.com\/pl\/general-terms-of-use\/\"]]}]},{\"@type\":\"BreadcrumbList\",\"@id\":\"https:\/\/www.pointcocapital.com\/pl\/general-terms-of-use\/#breadcrumb\",\"itemListElement\":[{\"@type\":\"ListItem\",\"position\":1,\"name\":\"Home\",\"item\":\"https:\/\/www.pointcocapital.com\/pl\/\"},{\"@type\":\"ListItem\",\"position\":2,\"name\":\"General Terms of Use\"}]},{\"@type\":\"WebSite\",\"@id\":\"https:\/\/www.pointcocapital.com\/pl\/#website\",\"url\":\"https:\/\/www.pointcocapital.com\/pl\/\",\"name\":\"Pointco Capital\",\"description\":\"\",\"publisher\":{\"@id\":\"https:\/\/www.pointcocapital.com\/pl\/#organization\"},\"potentialAction\":[{\"@type\":\"SearchAction\",\"target\":{\"@type\":\"EntryPoint\",\"urlTemplate\":\"https:\/\/www.pointcocapital.com\/pl\/?s={search_term_string}\"},\"query-input\":{\"@type\":\"PropertyValueSpecification\",\"valueRequired\":true,\"valueName\":\"search_term_string\"}}],\"inLanguage\":\"pl-PL\"},{\"@type\":\"Organization\",\"@id\":\"https:\/\/www.pointcocapital.com\/pl\/#organization\",\"name\":\"Pointco Capital\",\"url\":\"https:\/\/www.pointcocapital.com\/pl\/\",\"logo\":{\"@type\":\"ImageObject\",\"inLanguage\":\"pl-PL\",\"@id\":\"https:\/\/www.pointcocapital.com\/pl\/#\/schema\/logo\/image\/\",\"url\":\"https:\/\/www.pointcocapital.com\/wp-content\/uploads\/2022\/03\/pg-logo.svg\",\"contentUrl\":\"https:\/\/www.pointcocapital.com\/wp-content\/uploads\/2022\/03\/pg-logo.svg\",\"width\":185,\"height\":115,\"caption\":\"Pointco Capital\"},\"image\":{\"@id\":\"https:\/\/www.pointcocapital.com\/pl\/#\/schema\/logo\/image\/\"}}]}<\/script>\n<!-- \/ Yoast SEO plugin. -->","yoast_head_json":{"title":"Og\u00f3lne warunki u\u017cytkowania | Pointco Capital","robots":{"index":"index","follow":"follow","max-snippet":"max-snippet:-1","max-image-preview":"max-image-preview:large","max-video-preview":"max-video-preview:-1"},"canonical":"https:\/\/www.pointcocapital.com\/pl\/general-terms-of-use\/","og_locale":"pl_PL","og_type":"article","og_title":"Og\u00f3lne warunki u\u017cytkowania | Pointco Capital","og_description":"Artyku\u0142 1 &#8211; Informacje obowi\u0105zkowe POINTCO CAPITAL tworz\u0105 trzy podmioty: POINTCO INVESTMENT, POINTCO HEALTHCARE oraz POINTCO ASSET MANAGEMENT. POINTCO INVESTMENT oferuje mo\u017cliwo\u015bci inwestycyjne i wsparcie szyte na miar\u0119 w realizacji transakcji nieruchomo\u015bciowych. POINTCO HEALTHCARE wspiera operator\u00f3w z sektora ochrony zdrowia w ich rozwoju i oferuje im us\u0142ug\u0119 poszukiwania finansowania oraz mo\u017cliwo\u015bci przej\u0119\u0107 zewn\u0119trznych (M&amp;A). POINTCO [&hellip;]","og_url":"https:\/\/www.pointcocapital.com\/pl\/general-terms-of-use\/","og_site_name":"Pointco Capital","article_modified_time":"2023-08-21T13:24:30+00:00","twitter_card":"summary_large_image","twitter_misc":{"Szacowany czas czytania":"6 minut"},"schema":{"@context":"https:\/\/schema.org","@graph":[{"@type":"WebPage","@id":"https:\/\/www.pointcocapital.com\/pl\/general-terms-of-use\/","url":"https:\/\/www.pointcocapital.com\/pl\/general-terms-of-use\/","name":"Og\u00f3lne warunki u\u017cytkowania | Pointco Capital","isPartOf":{"@id":"https:\/\/www.pointcocapital.com\/pl\/#website"},"datePublished":"2023-01-23T09:20:15+00:00","dateModified":"2023-08-21T13:24:30+00:00","breadcrumb":{"@id":"https:\/\/www.pointcocapital.com\/pl\/general-terms-of-use\/#breadcrumb"},"inLanguage":"pl-PL","potentialAction":[{"@type":"ReadAction","target":[["https:\/\/www.pointcocapital.com\/pl\/general-terms-of-use\/"]]}]},{"@type":"BreadcrumbList","@id":"https:\/\/www.pointcocapital.com\/pl\/general-terms-of-use\/#breadcrumb","itemListElement":[{"@type":"ListItem","position":1,"name":"Home","item":"https:\/\/www.pointcocapital.com\/pl\/"},{"@type":"ListItem","position":2,"name":"General Terms of Use"}]},{"@type":"WebSite","@id":"https:\/\/www.pointcocapital.com\/pl\/#website","url":"https:\/\/www.pointcocapital.com\/pl\/","name":"Pointco Capital","description":"","publisher":{"@id":"https:\/\/www.pointcocapital.com\/pl\/#organization"},"potentialAction":[{"@type":"SearchAction","target":{"@type":"EntryPoint","urlTemplate":"https:\/\/www.pointcocapital.com\/pl\/?s={search_term_string}"},"query-input":{"@type":"PropertyValueSpecification","valueRequired":true,"valueName":"search_term_string"}}],"inLanguage":"pl-PL"},{"@type":"Organization","@id":"https:\/\/www.pointcocapital.com\/pl\/#organization","name":"Pointco Capital","url":"https:\/\/www.pointcocapital.com\/pl\/","logo":{"@type":"ImageObject","inLanguage":"pl-PL","@id":"https:\/\/www.pointcocapital.com\/pl\/#\/schema\/logo\/image\/","url":"https:\/\/www.pointcocapital.com\/wp-content\/uploads\/2022\/03\/pg-logo.svg","contentUrl":"https:\/\/www.pointcocapital.com\/wp-content\/uploads\/2022\/03\/pg-logo.svg","width":185,"height":115,"caption":"Pointco Capital"},"image":{"@id":"https:\/\/www.pointcocapital.com\/pl\/#\/schema\/logo\/image\/"}}]}},"_links":{"self":[{"href":"https:\/\/www.pointcocapital.com\/pl\/wp-json\/wp\/v2\/pages\/2015","targetHints":{"allow":["GET"]}}],"collection":[{"href":"https:\/\/www.pointcocapital.com\/pl\/wp-json\/wp\/v2\/pages"}],"about":[{"href":"https:\/\/www.pointcocapital.com\/pl\/wp-json\/wp\/v2\/types\/page"}],"author":[{"embeddable":true,"href":"https:\/\/www.pointcocapital.com\/pl\/wp-json\/wp\/v2\/users\/4"}],"replies":[{"embeddable":true,"href":"https:\/\/www.pointcocapital.com\/pl\/wp-json\/wp\/v2\/comments?post=2015"}],"version-history":[{"count":30,"href":"https:\/\/www.pointcocapital.com\/pl\/wp-json\/wp\/v2\/pages\/2015\/revisions"}],"predecessor-version":[{"id":2221,"href":"https:\/\/www.pointcocapital.com\/pl\/wp-json\/wp\/v2\/pages\/2015\/revisions\/2221"}],"wp:attachment":[{"href":"https:\/\/www.pointcocapital.com\/pl\/wp-json\/wp\/v2\/media?parent=2015"}],"curies":[{"name":"wp","href":"https:\/\/api.w.org\/{rel}","templated":true}]}}