{"id":2015,"date":"2023-01-23T10:20:15","date_gmt":"2023-01-23T09:20:15","guid":{"rendered":"https:\/\/www.pointcogroup.com\/?page_id=2015"},"modified":"2023-08-21T15:24:30","modified_gmt":"2023-08-21T13:24:30","slug":"general-terms-of-use","status":"publish","type":"page","link":"https:\/\/www.pointcocapital.com\/it\/general-terms-of-use\/","title":{"rendered":"Condizioni generali di utilizzo"},"content":{"rendered":"<p><strong>Articolo 1 &#8211; Informazioni obbligatorie<\/strong><\/p>\n<p>POINTCO CAPITAL \u00e8 composto da tre entit\u00e0 POINTCO INVESTMENT, POINTCO ASSET MANAGEMENT e POINTCO HEALTHCARE.<\/p>\n<p>POINTCO INVESTMENT offre opportunit\u00e0 di investimento e supporto su misura nella realizzazione di operazioni immobiliari.<\/p>\n<p>POINTCO ASSET MANAGEMENT realizza progetti di costruzione in collaborazione con i suoi partner europei e partecipa alle transazioni come intermediario.<\/p>\n<p>POINTCO HEALTHCARE supporta gli operatori del settore sanitario nel loro sviluppo e offre loro un servizio di ricerca di finanziamenti e opportunit\u00e0 di acquisizione esterna (M&amp;A).<\/p>\n<p>Il presente sito web <a href=\"http:\/\/www.pointcocapital.com\">http:\/\/www.pointcocapital.com<\/a> (di seguito denominato &#8220;il Sito&#8221;) \u00e8 pubblicato dalla societ\u00e0 a responsabilit\u00e0 limitata unipersonale POINTCO CAPITAL (di seguito denominata &#8220;POINTCO CAPITAL&#8221;), con un capitale di \u20ac 100.000, con sede legale in 10 rue de Penthi\u00e8vre, 75008, Parigi, iscritta al Registro del Commercio e delle Societ\u00e0 di Parigi con il numero 539 807 677 (partita IVA intracomunitaria: FR89539807677).<\/p>\n<p>Per qualsiasi contatto:<br \/>\nE-mail: <a href=\"mailto:contact@pointcocapital.fr\">contact@pointcocapital.fr<\/a><br \/>\nTelefono : <a href=\"tel:+33%201%2076%2043%2034%2044\">(+33) 1 76 43 34 44<\/a><\/p>\n<p>&nbsp;<\/p>\n<p><strong>Articolo 2 &#8211; Disposizioni generali relative alle presenti condizioni generali d&#8217;uso (di seguito &#8220;CGC&#8221;)<\/strong><\/p>\n<p>L&#8217;utilizzo del Sito implica la piena accettazione da parte degli utenti del Sito (di seguito &#8220;l&#8217;U termini&#8221;) delle CGU descritte di seguito.<\/p>\n<p>CAPITALE POINTCO informa il U TERMINI pu\u00f2 essere modificato, completato o aggiornato in qualsiasi momento. Queste modifiche sono pubblicizzate quando sono pubblicate online e si considerano accettate senza riserve quando si accede al Sito dopo essere state messe online. Si consiglia agli utenti di consultare regolarmente questa pagina.<\/p>\n<p>&nbsp;<\/p>\n<p><strong>Articolo 3 &#8211; Disposizioni generali relative al Sito<\/strong><\/p>\n<p>Lo scopo del Sito \u00e8 quello di fornire informazioni sul site tutti i servizi offerti da POINTCO CAPITAL.<br \/>\nIl sito \u00e8 normalmente accessibile agli utenti in qualsiasi momento. Un&#8217;interruzione dovuta a manutenzione tecnica potr\u00e0 comunque essere decisa da POINTCO CAPITAL, che provveder\u00e0 quindi a comunicare in anticipo agli Utenti le date e gli orari dell&#8217;intervento.<br \/>\nIl contenuto del Sito \u00e8 regolarmente aggiornato da POINTCO CAPITAL, che \u00e8 libera di modificarlo in qualsiasi momento e senza preavviso.<br \/>\nPOINTCO CAPITAL si impegna a fornire informazioni sul sito nel modo pi\u00f9 accurato possibile. Tuttavia, non pu\u00f2 essere ritenuta responsabile per omissioni, inesattezze e carenze nell&#8217;aggiornamento, sia da solo che da partner terzi che gli forniscono queste informazioni.<br \/>\nTutte le informazioni indicate sul Sito sono fornite a titolo indicativo, e sono soggette a modifiche. Inoltre, le informazioni sulla Site non sono esaustive. Sono dati soggetti a modifiche che sono state apportate da quando sono stati messi online.<\/p>\n<p>&nbsp;<\/p>\n<p><strong>Articolo 4 &#8211; Propriet\u00e0 intellettuale<\/strong><\/p>\n<p>POINTCO CAPITAL detiene i diritti sui nomi, marchi e loghi POINTCO CAPITAL, POINTCO INVESTMENT, POINTCO HEALTHCARE e POINTCO ASSET MANAGEMENT, nonch\u00e9 sui relativi nomi di dominio.<\/p>\n<p>Il Sito, nel suo complesso, la sua struttura generale, nonch\u00e9 il software, le strutture ad albero, i testi, le immagini, la grafica, le fotografie, le illustrazioni, i diagrammi, i loghi, i suoni, le animazioni e qualsiasi altro elemento che compone il Sito sono opere della mente e creazioni protette dalla legge sulla propriet\u00e0 intellettuale. Questi elementi sono di propriet\u00e0 esclusiva di POINTCO CAPITAL, o sono regolarmente sfruttati su licenza e POINTCO CAPITAL ha il diritto esclusivo di utilizzare i diritti di propriet\u00e0 intellettuale ad essi relativi.<br \/>\nL&#8217;uso di tutto o parte del Sito, in particolare mediante download, riproduzione, trasmissione, rappresentazione o diffusione per scopi diversi dall&#8217;uso personale e privato per scopi non commerciali, \u00e8 severamente vietato. La violazione di queste disposizioni ti espone alle sanzioni previste sia dal Codice della Propriet\u00e0 Intellettuale che dal Codice Penale in base alla violazione del diritto d&#8217;autore e dei marchi, nonch\u00e9 dal Codice Civile in materia di responsabilit\u00e0 civile.<br \/>\nLa creazione di collegamenti ipertestuali al Sito pu\u00f2 essere effettuata solo previa autorizzazione scritta di POINTCO CAPITAL, autorizzazione che pu\u00f2 essere revocata in qualsiasi momento.<\/p>\n<p>&nbsp;<\/p>\n<p><strong>Articolo 5 &#8211; Dati personali<\/strong><\/p>\n<p>POINTCO CAPITAL implementa una Politica di Protezione dei Dati Personali (&#8220;Dati Personali&#8221;) messa a disposizione degli Utenti sul Sito.<\/p>\n<p>&nbsp;<\/p>\n<p><strong>Articolo 6 \u2013 Cookie<\/strong><\/p>\n<p>POINTCO CAPITAL pu\u00f2 utilizzare i cookie per facilitare la navigazione e le prestazioni di questo Sito, nonch\u00e9 per stabilire statistiche e volumi di traffico verso questo Sito.<\/p>\n<p>Un &#8220;cookie&#8221; \u00e8 un file di piccole dimensioni (meno di 4 KB), memorizzato dal Sito sul disco rigido dell&#8217;Utente, contenente informazioni relative alle abitudini di navigazione dell&#8217;Utente.<\/p>\n<p>Questi file consentono di elaborare statistiche e informazioni sul traffico, di facilitare la navigazione e di migliorare il servizio per il comfort dell&#8217;Utente.<\/p>\n<p>Per l&#8217;utilizzo di file &#8220;cookie&#8221; che comportano il salvataggio e l&#8217;analisi dei dati personali, \u00e8 necessario richiedere il consenso dell&#8217;Utente.<\/p>\n<p>Tale consenso dell&#8217;Utente \u00e8 considerato valido per un periodo massimo di 6 (sex) mesi. Al termine di tale periodo, il sito chieder\u00e0 nuovamente all&#8217;Utente l&#8217;autorizzazione a salvare i file &#8220;cookie&#8221; sul proprio disco rigido.<\/p>\n<p>I cookie che non sono essenziali per il funzionamento del sito vengono inseriti sul terminale dell&#8217;Utente solo dopo aver ottenuto il suo consenso. L&#8217;Utente pu\u00f2 revocare il proprio consenso in qualsiasi momento, come segue:<\/p>\n<p>In generale, si porta all&#8217;attenzione dell&#8217;Utente che pu\u00f2 opporsi alla registrazione di questi file &#8220;cookie&#8221; configurando il suo software del browser. Per questo, pu\u00f2 essere utile consultare il menu &#8220;Aiuto&#8221; del browser.<\/p>\n<p>Nel caso in cui l&#8217;Utente decida di disabilitare i file &#8220;cookie&#8221;, potr\u00e0 continuare la navigazione sul Sito. Tuttavia, qualsiasi malfunzionamento del Sito causato da questa manipolazione non pu\u00f2 essere considerato come dovuto all&#8217;editore del Sito.<\/p>\n<p>Navigando sul sito, l&#8217;Utente viene informato che i file &#8220;cookie&#8221; di terze parti possono essere salvati.<\/p>\n<p>Inoltre, il sito integra pulsanti di social network, consentendo all&#8217;Utente di condividere la propria attivit\u00e0 sul Sito. I file &#8220;cookie&#8221; di questi social network possono quindi essere memorizzati sul computer dell&#8217;Utente quando si utilizzano queste funzionalit\u00e0.<\/p>\n<p>Si richiama l&#8217;attenzione dell&#8217;Utente sul fatto che questi siti dispongono di proprie informative sulla privacy e condizioni generali d&#8217;uso che possono differire dal Sito. L&#8217;editore del Sito invita gli Utenti a consultare le politiche sulla privacy e le condizioni generali di utilizzo di questi Siti.<\/p>\n<p>&nbsp;<\/p>\n<p><strong>Articolo 7 &#8211; Garanzie e responsabilit\u00e0<\/strong><\/p>\n<p>POINTCO CAPITAL si impegna a garantire che le informazioni accessibili attraverso il Sito siano accurate e aggiornate. Tuttavia, POINTCO CAPITAL non garantisce in alcun modo che queste informazioni siano accurate, complete e aggiornate.<\/p>\n<p>POINTCO CAPITAL non fornisce alcuna garanzia, espressa o implicita, relativa a tutto o parte del Sito. POINTCO CAPITAL declina inoltre ogni responsabilit\u00e0 per l&#8217;accesso e il contenuto dei siti collegati al Sito.<\/p>\n<p>In nessun caso POINTCO CAPITAL potr\u00e0 essere ritenuta responsabile per qualsiasi danno diretto o indiretto, qualunque ne sia la causa, l&#8217;origine, la natura e la conseguenza, derivante dalla consultazione o dall&#8217;utilizzo del Sito.<\/p>\n<p>L&#8217;utente del sito si impegna ad accedere al sito utilizzandoapparecchiature recenti, non contenenti virus e con un browser di ultima generazione aggiornato.<\/p>\n<p>POINTCO CAPITAL non potr\u00e0 essere ritenuta responsabile per eventuali danni diretti o indiretti causati alle apparecchiature dell&#8217;Utente durante l&#8217;accesso al Sito.<\/p>\n<p>POINTCO CAPITAL non potr\u00e0 inoltre essere ritenuta responsabile per danni indiretti (quali ad esempio perdita di mercato o perdita di opportunit\u00e0) derivanti dall&#8217;utilizzo del Sito.<\/p>\n<p>POINTCO CAPITAL non controlla i rischi associati al funzionamento di Internet e richiama l&#8217;attenzione degli Utentisull&#8217;esistenza di possibili rischi in termini di riservatezza dei dati che passano attraverso la rete.<\/p>\n<p>Tutti i siti con un collegamento ipertestuale al Sito non sono sotto il controllo di POINTCO CAPITAL, che pertanto declina ogni responsabilit\u00e0 (anche editoriale) in merito all&#8217;accesso e al contenuto di tali siti.<\/p>\n<p>&nbsp;<\/p>\n<p><strong>Articolo 8 &#8211; Legge applicabile e foro competente<\/strong><\/p>\n<p>Questi TERMINI sono redatti conformemente alla legislazione francese in vigore e sono soggetti al Diritto francese.<\/p>\n<p>Il Tribunale Giudiziario di Parigi \u00e8 territorialmente competente a conoscere di qualsiasi controversia relativa all&#8217;utilizzo del Sito.<\/p>","protected":false},"excerpt":{"rendered":"<p>Articolo 1 &#8211; Informazioni obbligatorie POINTCO CAPITAL \u00e8 composto da tre entit\u00e0 POINTCO INVESTMENT, POINTCO ASSET MANAGEMENT e POINTCO HEALTHCARE. POINTCO INVESTMENT offre opportunit\u00e0 di investimento e supporto su misura nella realizzazione di operazioni immobiliari. POINTCO ASSET MANAGEMENT realizza progetti di costruzione in collaborazione con i suoi partner europei e partecipa alle transazioni come intermediario. [&hellip;]<\/p>\n","protected":false},"author":4,"featured_media":0,"parent":0,"menu_order":0,"comment_status":"closed","ping_status":"closed","template":"","meta":{"inline_featured_image":false,"footnotes":""},"class_list":["post-2015","page","type-page","status-publish","hentry"],"acf":[],"yoast_head":"<!-- This site is optimized with the Yoast SEO plugin v26.6 - https:\/\/yoast.com\/wordpress\/plugins\/seo\/ -->\n<title>Condizioni generali di utilizzo | Pointco Capital<\/title>\n<meta name=\"robots\" content=\"index, follow, max-snippet:-1, max-image-preview:large, max-video-preview:-1\" \/>\n<link rel=\"canonical\" href=\"https:\/\/www.pointcocapital.com\/it\/general-terms-of-use\/\" \/>\n<meta property=\"og:locale\" content=\"it_IT\" \/>\n<meta property=\"og:type\" content=\"article\" \/>\n<meta property=\"og:title\" content=\"Condizioni generali di utilizzo | Pointco Capital\" \/>\n<meta property=\"og:description\" content=\"Articolo 1 &#8211; Informazioni obbligatorie POINTCO CAPITAL \u00e8 composto da tre entit\u00e0 POINTCO INVESTMENT, POINTCO ASSET MANAGEMENT e POINTCO HEALTHCARE. POINTCO INVESTMENT offre opportunit\u00e0 di investimento e supporto su misura nella realizzazione di operazioni immobiliari. POINTCO ASSET MANAGEMENT realizza progetti di costruzione in collaborazione con i suoi partner europei e partecipa alle transazioni come intermediario. [&hellip;]\" \/>\n<meta property=\"og:url\" content=\"https:\/\/www.pointcocapital.com\/it\/general-terms-of-use\/\" \/>\n<meta property=\"og:site_name\" content=\"Pointco Capital\" \/>\n<meta property=\"article:modified_time\" content=\"2023-08-21T13:24:30+00:00\" \/>\n<meta name=\"twitter:card\" content=\"summary_large_image\" \/>\n<meta name=\"twitter:label1\" content=\"Tempo di lettura stimato\" \/>\n\t<meta name=\"twitter:data1\" content=\"6 minuti\" \/>\n<script type=\"application\/ld+json\" class=\"yoast-schema-graph\">{\"@context\":\"https:\/\/schema.org\",\"@graph\":[{\"@type\":\"WebPage\",\"@id\":\"https:\/\/www.pointcocapital.com\/it\/general-terms-of-use\/\",\"url\":\"https:\/\/www.pointcocapital.com\/it\/general-terms-of-use\/\",\"name\":\"Condizioni generali di utilizzo | Pointco Capital\",\"isPartOf\":{\"@id\":\"https:\/\/www.pointcocapital.com\/it\/#website\"},\"datePublished\":\"2023-01-23T09:20:15+00:00\",\"dateModified\":\"2023-08-21T13:24:30+00:00\",\"breadcrumb\":{\"@id\":\"https:\/\/www.pointcocapital.com\/it\/general-terms-of-use\/#breadcrumb\"},\"inLanguage\":\"it-IT\",\"potentialAction\":[{\"@type\":\"ReadAction\",\"target\":[[\"https:\/\/www.pointcocapital.com\/it\/general-terms-of-use\/\"]]}]},{\"@type\":\"BreadcrumbList\",\"@id\":\"https:\/\/www.pointcocapital.com\/it\/general-terms-of-use\/#breadcrumb\",\"itemListElement\":[{\"@type\":\"ListItem\",\"position\":1,\"name\":\"Home\",\"item\":\"https:\/\/www.pointcocapital.com\/it\/\"},{\"@type\":\"ListItem\",\"position\":2,\"name\":\"General Terms of Use\"}]},{\"@type\":\"WebSite\",\"@id\":\"https:\/\/www.pointcocapital.com\/it\/#website\",\"url\":\"https:\/\/www.pointcocapital.com\/it\/\",\"name\":\"Pointco Capital\",\"description\":\"\",\"publisher\":{\"@id\":\"https:\/\/www.pointcocapital.com\/it\/#organization\"},\"potentialAction\":[{\"@type\":\"SearchAction\",\"target\":{\"@type\":\"EntryPoint\",\"urlTemplate\":\"https:\/\/www.pointcocapital.com\/it\/?s={search_term_string}\"},\"query-input\":{\"@type\":\"PropertyValueSpecification\",\"valueRequired\":true,\"valueName\":\"search_term_string\"}}],\"inLanguage\":\"it-IT\"},{\"@type\":\"Organization\",\"@id\":\"https:\/\/www.pointcocapital.com\/it\/#organization\",\"name\":\"Pointco Capital\",\"url\":\"https:\/\/www.pointcocapital.com\/it\/\",\"logo\":{\"@type\":\"ImageObject\",\"inLanguage\":\"it-IT\",\"@id\":\"https:\/\/www.pointcocapital.com\/it\/#\/schema\/logo\/image\/\",\"url\":\"https:\/\/www.pointcocapital.com\/wp-content\/uploads\/2022\/03\/pg-logo.svg\",\"contentUrl\":\"https:\/\/www.pointcocapital.com\/wp-content\/uploads\/2022\/03\/pg-logo.svg\",\"width\":185,\"height\":115,\"caption\":\"Pointco Capital\"},\"image\":{\"@id\":\"https:\/\/www.pointcocapital.com\/it\/#\/schema\/logo\/image\/\"}}]}<\/script>\n<!-- \/ Yoast SEO plugin. -->","yoast_head_json":{"title":"Condizioni generali di utilizzo | Pointco Capital","robots":{"index":"index","follow":"follow","max-snippet":"max-snippet:-1","max-image-preview":"max-image-preview:large","max-video-preview":"max-video-preview:-1"},"canonical":"https:\/\/www.pointcocapital.com\/it\/general-terms-of-use\/","og_locale":"it_IT","og_type":"article","og_title":"Condizioni generali di utilizzo | Pointco Capital","og_description":"Articolo 1 &#8211; Informazioni obbligatorie POINTCO CAPITAL \u00e8 composto da tre entit\u00e0 POINTCO INVESTMENT, POINTCO ASSET MANAGEMENT e POINTCO HEALTHCARE. POINTCO INVESTMENT offre opportunit\u00e0 di investimento e supporto su misura nella realizzazione di operazioni immobiliari. POINTCO ASSET MANAGEMENT realizza progetti di costruzione in collaborazione con i suoi partner europei e partecipa alle transazioni come intermediario. [&hellip;]","og_url":"https:\/\/www.pointcocapital.com\/it\/general-terms-of-use\/","og_site_name":"Pointco Capital","article_modified_time":"2023-08-21T13:24:30+00:00","twitter_card":"summary_large_image","twitter_misc":{"Tempo di lettura stimato":"6 minuti"},"schema":{"@context":"https:\/\/schema.org","@graph":[{"@type":"WebPage","@id":"https:\/\/www.pointcocapital.com\/it\/general-terms-of-use\/","url":"https:\/\/www.pointcocapital.com\/it\/general-terms-of-use\/","name":"Condizioni generali di utilizzo | Pointco Capital","isPartOf":{"@id":"https:\/\/www.pointcocapital.com\/it\/#website"},"datePublished":"2023-01-23T09:20:15+00:00","dateModified":"2023-08-21T13:24:30+00:00","breadcrumb":{"@id":"https:\/\/www.pointcocapital.com\/it\/general-terms-of-use\/#breadcrumb"},"inLanguage":"it-IT","potentialAction":[{"@type":"ReadAction","target":[["https:\/\/www.pointcocapital.com\/it\/general-terms-of-use\/"]]}]},{"@type":"BreadcrumbList","@id":"https:\/\/www.pointcocapital.com\/it\/general-terms-of-use\/#breadcrumb","itemListElement":[{"@type":"ListItem","position":1,"name":"Home","item":"https:\/\/www.pointcocapital.com\/it\/"},{"@type":"ListItem","position":2,"name":"General Terms of Use"}]},{"@type":"WebSite","@id":"https:\/\/www.pointcocapital.com\/it\/#website","url":"https:\/\/www.pointcocapital.com\/it\/","name":"Pointco Capital","description":"","publisher":{"@id":"https:\/\/www.pointcocapital.com\/it\/#organization"},"potentialAction":[{"@type":"SearchAction","target":{"@type":"EntryPoint","urlTemplate":"https:\/\/www.pointcocapital.com\/it\/?s={search_term_string}"},"query-input":{"@type":"PropertyValueSpecification","valueRequired":true,"valueName":"search_term_string"}}],"inLanguage":"it-IT"},{"@type":"Organization","@id":"https:\/\/www.pointcocapital.com\/it\/#organization","name":"Pointco Capital","url":"https:\/\/www.pointcocapital.com\/it\/","logo":{"@type":"ImageObject","inLanguage":"it-IT","@id":"https:\/\/www.pointcocapital.com\/it\/#\/schema\/logo\/image\/","url":"https:\/\/www.pointcocapital.com\/wp-content\/uploads\/2022\/03\/pg-logo.svg","contentUrl":"https:\/\/www.pointcocapital.com\/wp-content\/uploads\/2022\/03\/pg-logo.svg","width":185,"height":115,"caption":"Pointco Capital"},"image":{"@id":"https:\/\/www.pointcocapital.com\/it\/#\/schema\/logo\/image\/"}}]}},"_links":{"self":[{"href":"https:\/\/www.pointcocapital.com\/it\/wp-json\/wp\/v2\/pages\/2015","targetHints":{"allow":["GET"]}}],"collection":[{"href":"https:\/\/www.pointcocapital.com\/it\/wp-json\/wp\/v2\/pages"}],"about":[{"href":"https:\/\/www.pointcocapital.com\/it\/wp-json\/wp\/v2\/types\/page"}],"author":[{"embeddable":true,"href":"https:\/\/www.pointcocapital.com\/it\/wp-json\/wp\/v2\/users\/4"}],"replies":[{"embeddable":true,"href":"https:\/\/www.pointcocapital.com\/it\/wp-json\/wp\/v2\/comments?post=2015"}],"version-history":[{"count":30,"href":"https:\/\/www.pointcocapital.com\/it\/wp-json\/wp\/v2\/pages\/2015\/revisions"}],"predecessor-version":[{"id":2221,"href":"https:\/\/www.pointcocapital.com\/it\/wp-json\/wp\/v2\/pages\/2015\/revisions\/2221"}],"wp:attachment":[{"href":"https:\/\/www.pointcocapital.com\/it\/wp-json\/wp\/v2\/media?parent=2015"}],"curies":[{"name":"wp","href":"https:\/\/api.w.org\/{rel}","templated":true}]}}