{"id":3,"date":"2022-03-24T20:03:30","date_gmt":"2022-03-24T18:03:30","guid":{"rendered":"https:\/\/www.pointcogroup.com\/?page_id=3"},"modified":"2023-08-22T10:00:08","modified_gmt":"2023-08-22T08:00:08","slug":"privacy-policy","status":"publish","type":"page","link":"https:\/\/www.pointcocapital.com\/fr\/privacy-policy\/","title":{"rendered":"Mentions l\u00e9gales"},"content":{"rendered":"<p>Le pr\u00e9sent site <a href=\"https:\/\/www.pointcocapital.com\">https:\/\/www.pointcocapital.com<\/a> (ci-apr\u00e8s d\u00e9nomm\u00e9 le \u00ab Site \u00bb) est \u00e9dit\u00e9 par la soci\u00e9t\u00e9 PointCo Capital.<\/p>\r\n<p>&nbsp;<\/p>\r\n<p><strong>Si\u00e8ge social :<\/strong> 10 rue de Penthi\u00e8vre, 75008, Paris<br \/>SAS unipersonnelle au capital de 100 000 \u20ac inscrite au RCS de Paris sous le n\u00b0539 807 677<br \/>N\u00b0 de TVA intracommunautaire : FR89539807677<br \/><strong>T\u00e9l\u00e9phone :<\/strong>\u00a0<a href=\"tel:+33176433444\">(+33) 1 76 43 34 44<\/a><br \/><strong>Mail :<\/strong> <a href=\"mailto:contact@pointcocapital.fr\">contact@pointcocapital.fr<\/a><br \/><strong>Directeur de la publication :<\/strong> Monsieur J\u00e9r\u00f4me Cornille, CEO PointCo Capital<br \/><br \/><\/p>\r\n<p>&nbsp;<\/p>\r\n<p><strong>L\u2019h\u00e9bergement<\/strong> du site est assur\u00e9 par la soci\u00e9t\u00e9 OVH<br \/>SAS au capital de 10 174 560 \u20ac<br \/>RCS Lille M\u00e9tropole 424 761 419 00045<br \/>Si\u00e8ge social : 2 rue Kellermann &#8211; 59100 Roubaix &#8211; France<\/p>\r\n<p>POINTCO CAPITAL exerce notamment une activit\u00e9 d\u2019agent immobilier r\u00e9glement\u00e9e par la loi n\u00b0 70-9 du 2 janvier 1970 et son d\u00e9cret d&rsquo;application n\u00b0 72-678 du 20 juillet 1972.\u00a0<\/p>\r\n<p>POINTCO CAPITAL est inscrite aupr\u00e8s du Registre du Commerce et des Soci\u00e9t\u00e9s de Paris. <br \/>N\u00b0 de carte professionnelle : CPI 7501 2021 000 000 614<br \/>CCI de d\u00e9livrance de la carte professionnelle : CCI Paris Ile-de-France<\/p>\r\n<p>&nbsp;<\/p>\r\n<p><strong>Cr\u00e9dits<\/strong><br \/>\u20282022 \u2013 POINTCO CAPITAL \u2013 ALL RIGHTS RESERVED<br \/>Photos by Cyril Abad &amp; Mathias Zwick (from Inland Stories)\u2028<br \/>Contents by the PointCo Capital Communication\u2028<br \/>Designed by the PointCo Capital Communication &amp; Arttractiv \u2028Developed by Arttractiv<\/p>\r\n<p>&nbsp;<\/p>","protected":false},"excerpt":{"rendered":"<p>Le pr\u00e9sent site https:\/\/www.pointcocapital.com (ci-apr\u00e8s d\u00e9nomm\u00e9 le \u00ab Site \u00bb) est \u00e9dit\u00e9 par la soci\u00e9t\u00e9 PointCo Capital. &nbsp; Si\u00e8ge social : 10 rue de Penthi\u00e8vre, 75008, ParisSAS unipersonnelle au capital de 100 000 \u20ac inscrite au RCS de Paris sous le n\u00b0539 807 677N\u00b0 de TVA intracommunautaire : FR89539807677T\u00e9l\u00e9phone :\u00a0(+33) 1 76 43 34 44Mail [&hellip;]<\/p>\n","protected":false},"author":5,"featured_media":0,"parent":0,"menu_order":3,"comment_status":"closed","ping_status":"open","template":"","meta":{"inline_featured_image":false,"footnotes":""},"class_list":["post-3","page","type-page","status-publish","hentry"],"acf":[],"yoast_head":"<!-- This site is optimized with the Yoast SEO plugin v26.6 - https:\/\/yoast.com\/wordpress\/plugins\/seo\/ -->\n<title>Mentions l\u00e9gales | Pointco Capital<\/title>\n<meta name=\"robots\" content=\"index, follow, max-snippet:-1, max-image-preview:large, max-video-preview:-1\" \/>\n<link rel=\"canonical\" href=\"https:\/\/www.pointcocapital.com\/fr\/privacy-policy\/\" \/>\n<meta property=\"og:locale\" content=\"fr_FR\" \/>\n<meta property=\"og:type\" content=\"article\" \/>\n<meta property=\"og:title\" content=\"Mentions l\u00e9gales | Pointco Capital\" \/>\n<meta property=\"og:description\" content=\"Le pr\u00e9sent site https:\/\/www.pointcocapital.com (ci-apr\u00e8s d\u00e9nomm\u00e9 le \u00ab Site \u00bb) est \u00e9dit\u00e9 par la soci\u00e9t\u00e9 PointCo Capital. &nbsp; Si\u00e8ge social : 10 rue de Penthi\u00e8vre, 75008, ParisSAS unipersonnelle au capital de 100 000 \u20ac inscrite au RCS de Paris sous le n\u00b0539 807 677N\u00b0 de TVA intracommunautaire : FR89539807677T\u00e9l\u00e9phone :\u00a0(+33) 1 76 43 34 44Mail [&hellip;]\" \/>\n<meta property=\"og:url\" content=\"https:\/\/www.pointcocapital.com\/fr\/privacy-policy\/\" \/>\n<meta property=\"og:site_name\" content=\"Pointco Capital\" \/>\n<meta property=\"article:modified_time\" content=\"2023-08-22T08:00:08+00:00\" \/>\n<meta name=\"twitter:card\" content=\"summary_large_image\" \/>\n<meta name=\"twitter:label1\" content=\"Dur\u00e9e de lecture estim\u00e9e\" \/>\n\t<meta name=\"twitter:data1\" content=\"1 minute\" \/>\n<script type=\"application\/ld+json\" class=\"yoast-schema-graph\">{\"@context\":\"https:\/\/schema.org\",\"@graph\":[{\"@type\":\"WebPage\",\"@id\":\"https:\/\/www.pointcocapital.com\/fr\/privacy-policy\/\",\"url\":\"https:\/\/www.pointcocapital.com\/fr\/privacy-policy\/\",\"name\":\"Mentions l\u00e9gales | Pointco Capital\",\"isPartOf\":{\"@id\":\"https:\/\/www.pointcocapital.com\/fr\/#website\"},\"datePublished\":\"2022-03-24T18:03:30+00:00\",\"dateModified\":\"2023-08-22T08:00:08+00:00\",\"breadcrumb\":{\"@id\":\"https:\/\/www.pointcocapital.com\/fr\/privacy-policy\/#breadcrumb\"},\"inLanguage\":\"fr-FR\",\"potentialAction\":[{\"@type\":\"ReadAction\",\"target\":[[\"https:\/\/www.pointcocapital.com\/fr\/privacy-policy\/\"]]}]},{\"@type\":\"BreadcrumbList\",\"@id\":\"https:\/\/www.pointcocapital.com\/fr\/privacy-policy\/#breadcrumb\",\"itemListElement\":[{\"@type\":\"ListItem\",\"position\":1,\"name\":\"Home\",\"item\":\"https:\/\/www.pointcocapital.com\/fr\/\"},{\"@type\":\"ListItem\",\"position\":2,\"name\":\"Legal notices\"}]},{\"@type\":\"WebSite\",\"@id\":\"https:\/\/www.pointcocapital.com\/fr\/#website\",\"url\":\"https:\/\/www.pointcocapital.com\/fr\/\",\"name\":\"Pointco Capital\",\"description\":\"\",\"publisher\":{\"@id\":\"https:\/\/www.pointcocapital.com\/fr\/#organization\"},\"potentialAction\":[{\"@type\":\"SearchAction\",\"target\":{\"@type\":\"EntryPoint\",\"urlTemplate\":\"https:\/\/www.pointcocapital.com\/fr\/?s={search_term_string}\"},\"query-input\":{\"@type\":\"PropertyValueSpecification\",\"valueRequired\":true,\"valueName\":\"search_term_string\"}}],\"inLanguage\":\"fr-FR\"},{\"@type\":\"Organization\",\"@id\":\"https:\/\/www.pointcocapital.com\/fr\/#organization\",\"name\":\"Pointco Capital\",\"url\":\"https:\/\/www.pointcocapital.com\/fr\/\",\"logo\":{\"@type\":\"ImageObject\",\"inLanguage\":\"fr-FR\",\"@id\":\"https:\/\/www.pointcocapital.com\/fr\/#\/schema\/logo\/image\/\",\"url\":\"https:\/\/www.pointcocapital.com\/wp-content\/uploads\/2022\/03\/pg-logo.svg\",\"contentUrl\":\"https:\/\/www.pointcocapital.com\/wp-content\/uploads\/2022\/03\/pg-logo.svg\",\"width\":185,\"height\":115,\"caption\":\"Pointco Capital\"},\"image\":{\"@id\":\"https:\/\/www.pointcocapital.com\/fr\/#\/schema\/logo\/image\/\"}}]}<\/script>\n<!-- \/ Yoast SEO plugin. -->","yoast_head_json":{"title":"Mentions l\u00e9gales | Pointco Capital","robots":{"index":"index","follow":"follow","max-snippet":"max-snippet:-1","max-image-preview":"max-image-preview:large","max-video-preview":"max-video-preview:-1"},"canonical":"https:\/\/www.pointcocapital.com\/fr\/privacy-policy\/","og_locale":"fr_FR","og_type":"article","og_title":"Mentions l\u00e9gales | Pointco Capital","og_description":"Le pr\u00e9sent site https:\/\/www.pointcocapital.com (ci-apr\u00e8s d\u00e9nomm\u00e9 le \u00ab Site \u00bb) est \u00e9dit\u00e9 par la soci\u00e9t\u00e9 PointCo Capital. &nbsp; Si\u00e8ge social : 10 rue de Penthi\u00e8vre, 75008, ParisSAS unipersonnelle au capital de 100 000 \u20ac inscrite au RCS de Paris sous le n\u00b0539 807 677N\u00b0 de TVA intracommunautaire : FR89539807677T\u00e9l\u00e9phone :\u00a0(+33) 1 76 43 34 44Mail [&hellip;]","og_url":"https:\/\/www.pointcocapital.com\/fr\/privacy-policy\/","og_site_name":"Pointco Capital","article_modified_time":"2023-08-22T08:00:08+00:00","twitter_card":"summary_large_image","twitter_misc":{"Dur\u00e9e de lecture estim\u00e9e":"1 minute"},"schema":{"@context":"https:\/\/schema.org","@graph":[{"@type":"WebPage","@id":"https:\/\/www.pointcocapital.com\/fr\/privacy-policy\/","url":"https:\/\/www.pointcocapital.com\/fr\/privacy-policy\/","name":"Mentions l\u00e9gales | Pointco Capital","isPartOf":{"@id":"https:\/\/www.pointcocapital.com\/fr\/#website"},"datePublished":"2022-03-24T18:03:30+00:00","dateModified":"2023-08-22T08:00:08+00:00","breadcrumb":{"@id":"https:\/\/www.pointcocapital.com\/fr\/privacy-policy\/#breadcrumb"},"inLanguage":"fr-FR","potentialAction":[{"@type":"ReadAction","target":[["https:\/\/www.pointcocapital.com\/fr\/privacy-policy\/"]]}]},{"@type":"BreadcrumbList","@id":"https:\/\/www.pointcocapital.com\/fr\/privacy-policy\/#breadcrumb","itemListElement":[{"@type":"ListItem","position":1,"name":"Home","item":"https:\/\/www.pointcocapital.com\/fr\/"},{"@type":"ListItem","position":2,"name":"Legal notices"}]},{"@type":"WebSite","@id":"https:\/\/www.pointcocapital.com\/fr\/#website","url":"https:\/\/www.pointcocapital.com\/fr\/","name":"Pointco Capital","description":"","publisher":{"@id":"https:\/\/www.pointcocapital.com\/fr\/#organization"},"potentialAction":[{"@type":"SearchAction","target":{"@type":"EntryPoint","urlTemplate":"https:\/\/www.pointcocapital.com\/fr\/?s={search_term_string}"},"query-input":{"@type":"PropertyValueSpecification","valueRequired":true,"valueName":"search_term_string"}}],"inLanguage":"fr-FR"},{"@type":"Organization","@id":"https:\/\/www.pointcocapital.com\/fr\/#organization","name":"Pointco Capital","url":"https:\/\/www.pointcocapital.com\/fr\/","logo":{"@type":"ImageObject","inLanguage":"fr-FR","@id":"https:\/\/www.pointcocapital.com\/fr\/#\/schema\/logo\/image\/","url":"https:\/\/www.pointcocapital.com\/wp-content\/uploads\/2022\/03\/pg-logo.svg","contentUrl":"https:\/\/www.pointcocapital.com\/wp-content\/uploads\/2022\/03\/pg-logo.svg","width":185,"height":115,"caption":"Pointco Capital"},"image":{"@id":"https:\/\/www.pointcocapital.com\/fr\/#\/schema\/logo\/image\/"}}]}},"_links":{"self":[{"href":"https:\/\/www.pointcocapital.com\/fr\/wp-json\/wp\/v2\/pages\/3","targetHints":{"allow":["GET"]}}],"collection":[{"href":"https:\/\/www.pointcocapital.com\/fr\/wp-json\/wp\/v2\/pages"}],"about":[{"href":"https:\/\/www.pointcocapital.com\/fr\/wp-json\/wp\/v2\/types\/page"}],"author":[{"embeddable":true,"href":"https:\/\/www.pointcocapital.com\/fr\/wp-json\/wp\/v2\/users\/5"}],"replies":[{"embeddable":true,"href":"https:\/\/www.pointcocapital.com\/fr\/wp-json\/wp\/v2\/comments?post=3"}],"version-history":[{"count":29,"href":"https:\/\/www.pointcocapital.com\/fr\/wp-json\/wp\/v2\/pages\/3\/revisions"}],"predecessor-version":[{"id":2222,"href":"https:\/\/www.pointcocapital.com\/fr\/wp-json\/wp\/v2\/pages\/3\/revisions\/2222"}],"wp:attachment":[{"href":"https:\/\/www.pointcocapital.com\/fr\/wp-json\/wp\/v2\/media?parent=3"}],"curies":[{"name":"wp","href":"https:\/\/api.w.org\/{rel}","templated":true}]}}