{"id":2015,"date":"2023-01-23T10:20:15","date_gmt":"2023-01-23T09:20:15","guid":{"rendered":"https:\/\/www.pointcogroup.com\/?page_id=2015"},"modified":"2023-08-21T15:24:30","modified_gmt":"2023-08-21T13:24:30","slug":"general-terms-of-use","status":"publish","type":"page","link":"https:\/\/www.pointcocapital.com\/fr\/general-terms-of-use\/","title":{"rendered":"Conditions G\u00e9n\u00e9rales d\u2019Utilisation"},"content":{"rendered":"<p><strong>Article 1 &#8211; Informations obligatoires<\/strong><\/p>\n<p>POINTCO CAPITAL est compos\u00e9 de trois entit\u00e9s POINTCO INVESTMENT, POINTCO HEALTHCARE et POINTCO ASSET MANAGEMENT.<\/p>\n<p>POINTCO INVESTMENT propose des opportunit\u00e9s d\u2019investissement et un accompagnement sur-mesure dans la r\u00e9alisation des transactions immobili\u00e8res.<\/p>\n<p>POINTCO HEALTHCARE accompagne les exploitants du secteur de la sant\u00e9 dans leur d\u00e9veloppement et leur propose un service de recherche de financement ainsi que des opportunit\u00e9s d\u2019acquisitions externes (M&amp;A).<\/p>\n<p>POINTCO ASSET MANAGEMENT r\u00e9alise des projets de construction en collaboration avec ses partenaires europ\u00e9ens et participe \u00e0 des transactions en tant que marchand de biens.<\/p>\n<p>&nbsp;<\/p>\n<p>Le pr\u00e9sent site <a href=\"http:\/\/www.pointcocapital.com\">http:\/\/www.pointcocapital.com<\/a>\u00a0est \u00e9dit\u00e9 par la soci\u00e9t\u00e9 \u00e0 responsabilit\u00e9 limit\u00e9e unipersonnelle POINTCO CAPITAL (ci-apr\u00e8s d\u00e9nomm\u00e9e \u00ab POINTCO CAPITAL \u00bb), au capital de 100 000 \u20ac, dont le si\u00e8ge social est situ\u00e9 au 10 rue de Penthi\u00e8vre, 75008, Paris, immatricul\u00e9e au registre du commerce et des soci\u00e9t\u00e9s de Paris sous le num\u00e9ro 539 807 677 (n\u00b0 de TVA intracommunautaire : FR89539807677).<\/p>\n<p>Pour tout contact :<br \/>\nEmail : <a href=\"mailto:contact@pointcocapital.fr\">contact@pointcocapital.fr<\/a><br \/>\nT\u00e9l\u00e9phone : \u00a0<a href=\"tel:+33 1 76 43 34 44\">(+33) 1 76 43 34 44<\/a><\/p>\n<p>&nbsp;<\/p>\n<p><strong>Article 2 &#8211; Dispositions g\u00e9n\u00e9rales relatives aux pr\u00e9sentes conditions g\u00e9n\u00e9rales d\u2019utilisation (ci-apr\u00e8s \u00ab CGU \u00bb)<\/strong><\/p>\n<p>L\u2019utilisation du site implique l\u2019acceptation pleine et enti\u00e8re par les utilisateurs du site des CGU ci-apr\u00e8s d\u00e9crites.<\/p>\n<p>POINTCO CAPITAL informe les utilisateurs que les pr\u00e9sentes CGU peuvent \u00eatre modifi\u00e9es, compl\u00e9t\u00e9es ou mises \u00e0 jour \u00e0 tout moment. Ces modifications sont publi\u00e9es par leur mise en ligne et sont r\u00e9put\u00e9es accept\u00e9es sans r\u00e9serve lors d\u2019un acc\u00e8s au site post\u00e9rieurement \u00e0 leur mise en ligne. Il est recommand\u00e9 aux utilisateurs de consulter r\u00e9guli\u00e8rement la pr\u00e9sente page.<\/p>\n<p>&nbsp;<\/p>\n<p><strong>Article 3 &#8211; Dispositions g\u00e9n\u00e9rales relatives au Site<\/strong><\/p>\n<p>Le site a pour objet de fournir une information concernant l\u2019ensemble des prestations propos\u00e9es par POINTCO CAPITAL.<br \/>\nLe site est normalement accessible \u00e0 tout moment aux utilisateurs. Une interruption pour raison de maintenance technique peut toutefois \u00eatre d\u00e9cid\u00e9e par POINTCO CAPITAL, qui s\u2019efforcera alors de communiquer pr\u00e9alablement aux Utilisateurs les dates et heures de l\u2019intervention.<br \/>\nLe contenu du Site est r\u00e9guli\u00e8rement mis \u00e0 jour par POINTCO CAPITAL qui est libre de le modifier, \u00e0 tout moment et sans pr\u00e9avis.<br \/>\nPOINTCO CAPITAL s\u2019efforce de fournir sur le site des informations aussi pr\u00e9cises que possible. Toutefois, elle ne pourra \u00eatre tenue responsable des omissions, des inexactitudes et des carences dans la mise \u00e0 jour, qu\u2019elles soient de son fait ou du fait des tiers partenaires qui lui fournissent ces informations.<br \/>\nToutes les informations indiqu\u00e9es sur le Site sont donn\u00e9es \u00e0 titre indicatif, et sont susceptibles d\u2019\u00e9voluer. Par ailleurs, les renseignements figurant sur le Site ne sont pas exhaustifs. Ils sont donn\u00e9s sous r\u00e9serve de modifications ayant \u00e9t\u00e9 apport\u00e9es depuis leur mise en ligne.<\/p>\n<p>&nbsp;<\/p>\n<p><strong>Article 4 &#8211; Propri\u00e9t\u00e9 intellectuelle<\/strong><\/p>\n<p>POINTCO CAPITAL est propri\u00e9taire des droits sur les d\u00e9nominations, les marques, et les logos POINTCO CAPITAL, POINTCO INVESTMENT, POINTCO HEALTHCARE et POINTCO ASSET MANAGEMENT, ainsi que des noms de domaine aff\u00e9rents.<\/p>\n<p>Le site, dans son ensemble, sa structure g\u00e9n\u00e9rale ainsi que les logiciels, arborescences, textes, images, graphismes, photographies, illustrations, sch\u00e9mas, logos, sons, animations, et tout autre \u00e9l\u00e9ment composant le Site sont des \u0153uvres de l\u2019esprit et cr\u00e9ations prot\u00e9g\u00e9es par le droit de la propri\u00e9t\u00e9 intellectuelle. Ces \u00e9l\u00e9ments sont la propri\u00e9t\u00e9 exclusive de POINTCO CAPITAL, ou sont r\u00e9guli\u00e8rement exploit\u00e9s sous licence et POINTCO CAPITAL est seule habilit\u00e9e \u00e0 utiliser les droits de propri\u00e9t\u00e9 intellectuelle y aff\u00e9rents.<br \/>\nL\u2019usage de tout ou partie du Site, notamment par t\u00e9l\u00e9chargement, reproduction, transmission, repr\u00e9sentation ou diffusion \u00e0 d\u2019autres fins que d\u2019usage personnel et priv\u00e9 dans un but non commercial est strictement interdit. La violation de ces dispositions expose aux sanctions pr\u00e9vues tant par le Code de la Propri\u00e9t\u00e9 Intellectuelle et le Code p\u00e9nal au titre notamment la contrefa\u00e7on de droit d\u2019auteur et de droit des marques, que par le Code civil en mati\u00e8re de responsabilit\u00e9 civile.<br \/>\nLa cr\u00e9ation de liens hypertextes vers le Site ne peut \u00eatre faite qu\u2019avec l\u2019autorisation \u00e9crite et pr\u00e9alable de POINTCO CAPITAL, laquelle autorisation pouvant \u00eatre r\u00e9voqu\u00e9e \u00e0 tout moment.<\/p>\n<p>&nbsp;<\/p>\n<p><strong>Article 5 &#8211; Donn\u00e9es personnelles<\/strong><\/p>\n<p>POINTCO CAPITAL met en \u0153uvre une Politique de protection des donn\u00e9es \u00e0 caract\u00e8re personnel (\u00ab Donn\u00e9es Personnelles \u00bb) mise \u00e0 la disposition des utilisateurs sur le site (consultable ici).<\/p>\n<p>&nbsp;<\/p>\n<p><strong>Article 6 \u2013 Cookies<\/strong><\/p>\n<p>POINTCO CAPITAL est susceptible d\u2019utiliser des cookies afin de faciliter la navigation et la performance du pr\u00e9sent site ainsi que pour \u00e9tablir des statistiques et des volumes de fr\u00e9quentation du pr\u00e9sent Site.<\/p>\n<p>Un \u00ab cookie \u00bb est un fichier de petite taille (moins de 4 Ko), stock\u00e9 par le Site sur le disque dur de l\u2019utilisateur, contenant des informations relatives aux habitudes de navigation de l\u2019utilisateur.<\/p>\n<p>Ces fichiers permettent de traiter des statistiques et des informations sur le trafic, de faciliter la navigation et d\u2019am\u00e9liorer le service pour le confort de l\u2019utilisateur.<\/p>\n<p>Pour l\u2019utilisation de fichiers \u00ab cookies \u00bb impliquant la sauvegarde et l\u2019analyse de donn\u00e9es \u00e0 caract\u00e8re personnel, le consentement de l\u2019utilisateur est n\u00e9cessairement demand\u00e9.<\/p>\n<p>Ce consentement de l\u2019utilisateur est consid\u00e9r\u00e9 comme valide pour une dur\u00e9e de 6 (six) mois maximum. \u00c0 l\u2019issue de cette p\u00e9riode, le site demandera \u00e0 nouveau l\u2019autorisation de l\u2019utilisateur pour enregistrer des fichiers \u00ab cookies \u00bb sur son disque dur.<\/p>\n<p>Les cookies non essentiels au fonctionnement du site ne sont d\u00e9pos\u00e9s sur le terminal de l\u2019utilisateur qu\u2019apr\u00e8s avoir obtenu son consentement. L\u2019utilisateur peut retirer son consentement \u00e0 tout moment, de la mani\u00e8re suivante :<\/p>\n<p>De mani\u00e8re g\u00e9n\u00e9rale, il est port\u00e9 \u00e0 la connaissance de l\u2019utilisateur qu\u2019il peut s\u2019opposer \u00e0 l\u2019enregistrement de ces fichiers \u00ab cookies \u00bb en configurant son logiciel de navigation. Pour cela, il peut \u00eatre utile de consulter le menu \u00ab Aide \u00bb du navigateur.<\/p>\n<p>Dans le cas o\u00f9 l\u2019utilisateur d\u00e9cide de d\u00e9sactiver les fichiers \u00ab cookies \u00bb, il pourra poursuivre sa navigation sur le Site. Toutefois, tout dysfonctionnement du site provoqu\u00e9 par cette manipulation ne pourrait \u00eatre consid\u00e9r\u00e9 comme \u00e9tant du fait de l\u2019\u00e9diteur du site.<\/p>\n<p>En naviguant sur le site, il est port\u00e9 \u00e0 connaissance de l\u2019utilisateur que les fichiers \u00ab cookies \u00bb de tiers peuvent \u00eatre enregistr\u00e9s.<\/p>\n<p>De plus, le site int\u00e8gre des boutons de r\u00e9seaux sociaux, permettant \u00e0 l\u2019utilisateur de partager son activit\u00e9 sur le Site. Des fichiers \u00ab Cookies \u00bb de ces r\u00e9seaux sociaux sont par cons\u00e9quent susceptibles d\u2019\u00eatre stock\u00e9s sur l\u2019ordinateur de l\u2019utilisateur lorsqu\u2019il utilise ces fonctionnalit\u00e9s.<\/p>\n<p>L\u2019attention de l\u2019utilisateur est port\u00e9e sur le fait que ces sites disposent de politiques de confidentialit\u00e9 propres et de conditions g\u00e9n\u00e9rales d\u2019utilisation possiblement diff\u00e9rentes du Site. L\u2019\u00e9diteur du site invite les utilisateurs \u00e0 consulter les politiques de confidentialit\u00e9 et les conditions g\u00e9n\u00e9rales d\u2019utilisation de ces Sites.<\/p>\n<p>&nbsp;<\/p>\n<p><strong>Article 7 &#8211; Garanties et responsabilit\u00e9<\/strong><\/p>\n<p>POINTCO CAPITAL s\u2019efforce de s\u2019assurer que les informations accessibles par l\u2019interm\u00e9diaire du Site sont exactes et mises \u00e0 jour. Cependant, POINTCO CAPITAL ne garantit en aucune mani\u00e8re que ces informations soient exactes, compl\u00e8tes et \u00e0 jour.<\/p>\n<p>POINTCO CAPITAL n\u2019assure aucune garantie, expresse ou tacite, concernant tout ou partie du site. POINTCO CAPITAL d\u00e9cline \u00e9galement toute responsabilit\u00e9 concernant l\u2019acc\u00e8s et le contenu des sites li\u00e9s au site.<\/p>\n<p>En aucun cas, POINTCO CAPITAL ne peut \u00eatre tenue pour responsable d\u2019un quelconque dommage direct ou indirect, quelle qu\u2019en soit la cause, l\u2019origine, la nature et la cons\u00e9quence, d\u00e9coulant de la consultation ou de l\u2019utilisation du site.<\/p>\n<p>L\u2019utilisateur du site s\u2019engage \u00e0 acc\u00e9der au site en utilisant un mat\u00e9riel r\u00e9cent, ne contenant pas de virus et avec un navigateur de derni\u00e8re g\u00e9n\u00e9ration mis-\u00e0-jour.<\/p>\n<p>POINTCO CAPITAL ne pourra \u00eatre tenue responsable des dommages directs et indirects caus\u00e9s au mat\u00e9riel de l\u2019utilisateur, lors de l\u2019acc\u00e8s au site.<\/p>\n<p>POINTCO CAPITAL ne pourra \u00e9galement \u00eatre tenue responsable des dommages indirects (tels par exemple qu\u2019une perte de march\u00e9 ou perte d\u2019une chance) cons\u00e9cutifs \u00e0 l\u2019utilisation du site.<\/p>\n<p>POINTCO CAPITAL ne ma\u00eetrise pas les risques li\u00e9s au fonctionnement d\u2019Internet et attire l\u2019attention des utilisateurs sur l\u2019existence d\u2019\u00e9ventuels risques en termes de confidentialit\u00e9 des donn\u00e9es transitant via r\u00e9seau.<\/p>\n<p>Tous les sites ayant un lien hypertexte vers le site ne sont pas sous le contr\u00f4le de POINTCO CAPITAL qui d\u00e9cline par cons\u00e9quent toute responsabilit\u00e9 (notamment \u00e9ditoriale) concernant l\u2019acc\u00e8s et le contenu de ces sites.<\/p>\n<p>&nbsp;<\/p>\n<p><strong>Article 8 &#8211; Droit applicable et comp\u00e9tence juridictionnelle<\/strong><\/p>\n<p>Les pr\u00e9sentes CGU sont \u00e9tablies en conformit\u00e9 avec le droit fran\u00e7ais en vigueur et sont soumises au droit fran\u00e7ais.<\/p>\n<p>Le tribunal judiciaire de Paris est territorialement comp\u00e9tent pour conna\u00eetre de tout litige aff\u00e9rent \u00e0 l\u2019utilisation du site.<\/p>","protected":false},"excerpt":{"rendered":"<p>Article 1 &#8211; Informations obligatoires POINTCO CAPITAL est compos\u00e9 de trois entit\u00e9s POINTCO INVESTMENT, POINTCO HEALTHCARE et POINTCO ASSET MANAGEMENT. POINTCO INVESTMENT propose des opportunit\u00e9s d\u2019investissement et un accompagnement sur-mesure dans la r\u00e9alisation des transactions immobili\u00e8res. POINTCO HEALTHCARE accompagne les exploitants du secteur de la sant\u00e9 dans leur d\u00e9veloppement et leur propose un service de [&hellip;]<\/p>\n","protected":false},"author":4,"featured_media":0,"parent":0,"menu_order":0,"comment_status":"closed","ping_status":"closed","template":"","meta":{"inline_featured_image":false,"footnotes":""},"class_list":["post-2015","page","type-page","status-publish","hentry"],"acf":[],"yoast_head":"<!-- This site is optimized with the Yoast SEO plugin v26.6 - https:\/\/yoast.com\/wordpress\/plugins\/seo\/ -->\n<title>Conditions G\u00e9n\u00e9rales d\u2019Utilisation | Pointco Capital<\/title>\n<meta name=\"robots\" content=\"index, follow, max-snippet:-1, max-image-preview:large, max-video-preview:-1\" \/>\n<link rel=\"canonical\" href=\"https:\/\/www.pointcocapital.com\/fr\/general-terms-of-use\/\" \/>\n<meta property=\"og:locale\" content=\"fr_FR\" \/>\n<meta property=\"og:type\" content=\"article\" \/>\n<meta property=\"og:title\" content=\"Conditions G\u00e9n\u00e9rales d\u2019Utilisation | Pointco Capital\" \/>\n<meta property=\"og:description\" content=\"Article 1 &#8211; Informations obligatoires POINTCO CAPITAL est compos\u00e9 de trois entit\u00e9s POINTCO INVESTMENT, POINTCO HEALTHCARE et POINTCO ASSET MANAGEMENT. POINTCO INVESTMENT propose des opportunit\u00e9s d\u2019investissement et un accompagnement sur-mesure dans la r\u00e9alisation des transactions immobili\u00e8res. POINTCO HEALTHCARE accompagne les exploitants du secteur de la sant\u00e9 dans leur d\u00e9veloppement et leur propose un service de [&hellip;]\" \/>\n<meta property=\"og:url\" content=\"https:\/\/www.pointcocapital.com\/fr\/general-terms-of-use\/\" \/>\n<meta property=\"og:site_name\" content=\"Pointco Capital\" \/>\n<meta property=\"article:modified_time\" content=\"2023-08-21T13:24:30+00:00\" \/>\n<meta name=\"twitter:card\" content=\"summary_large_image\" \/>\n<meta name=\"twitter:label1\" content=\"Dur\u00e9e de lecture estim\u00e9e\" \/>\n\t<meta name=\"twitter:data1\" content=\"6 minutes\" \/>\n<script type=\"application\/ld+json\" class=\"yoast-schema-graph\">{\"@context\":\"https:\/\/schema.org\",\"@graph\":[{\"@type\":\"WebPage\",\"@id\":\"https:\/\/www.pointcocapital.com\/fr\/general-terms-of-use\/\",\"url\":\"https:\/\/www.pointcocapital.com\/fr\/general-terms-of-use\/\",\"name\":\"Conditions G\u00e9n\u00e9rales d\u2019Utilisation | Pointco Capital\",\"isPartOf\":{\"@id\":\"https:\/\/www.pointcocapital.com\/fr\/#website\"},\"datePublished\":\"2023-01-23T09:20:15+00:00\",\"dateModified\":\"2023-08-21T13:24:30+00:00\",\"breadcrumb\":{\"@id\":\"https:\/\/www.pointcocapital.com\/fr\/general-terms-of-use\/#breadcrumb\"},\"inLanguage\":\"fr-FR\",\"potentialAction\":[{\"@type\":\"ReadAction\",\"target\":[[\"https:\/\/www.pointcocapital.com\/fr\/general-terms-of-use\/\"]]}]},{\"@type\":\"BreadcrumbList\",\"@id\":\"https:\/\/www.pointcocapital.com\/fr\/general-terms-of-use\/#breadcrumb\",\"itemListElement\":[{\"@type\":\"ListItem\",\"position\":1,\"name\":\"Home\",\"item\":\"https:\/\/www.pointcocapital.com\/fr\/\"},{\"@type\":\"ListItem\",\"position\":2,\"name\":\"General Terms of Use\"}]},{\"@type\":\"WebSite\",\"@id\":\"https:\/\/www.pointcocapital.com\/fr\/#website\",\"url\":\"https:\/\/www.pointcocapital.com\/fr\/\",\"name\":\"Pointco Capital\",\"description\":\"\",\"publisher\":{\"@id\":\"https:\/\/www.pointcocapital.com\/fr\/#organization\"},\"potentialAction\":[{\"@type\":\"SearchAction\",\"target\":{\"@type\":\"EntryPoint\",\"urlTemplate\":\"https:\/\/www.pointcocapital.com\/fr\/?s={search_term_string}\"},\"query-input\":{\"@type\":\"PropertyValueSpecification\",\"valueRequired\":true,\"valueName\":\"search_term_string\"}}],\"inLanguage\":\"fr-FR\"},{\"@type\":\"Organization\",\"@id\":\"https:\/\/www.pointcocapital.com\/fr\/#organization\",\"name\":\"Pointco Capital\",\"url\":\"https:\/\/www.pointcocapital.com\/fr\/\",\"logo\":{\"@type\":\"ImageObject\",\"inLanguage\":\"fr-FR\",\"@id\":\"https:\/\/www.pointcocapital.com\/fr\/#\/schema\/logo\/image\/\",\"url\":\"https:\/\/www.pointcocapital.com\/wp-content\/uploads\/2022\/03\/pg-logo.svg\",\"contentUrl\":\"https:\/\/www.pointcocapital.com\/wp-content\/uploads\/2022\/03\/pg-logo.svg\",\"width\":185,\"height\":115,\"caption\":\"Pointco Capital\"},\"image\":{\"@id\":\"https:\/\/www.pointcocapital.com\/fr\/#\/schema\/logo\/image\/\"}}]}<\/script>\n<!-- \/ Yoast SEO plugin. -->","yoast_head_json":{"title":"Conditions G\u00e9n\u00e9rales d\u2019Utilisation | Pointco Capital","robots":{"index":"index","follow":"follow","max-snippet":"max-snippet:-1","max-image-preview":"max-image-preview:large","max-video-preview":"max-video-preview:-1"},"canonical":"https:\/\/www.pointcocapital.com\/fr\/general-terms-of-use\/","og_locale":"fr_FR","og_type":"article","og_title":"Conditions G\u00e9n\u00e9rales d\u2019Utilisation | Pointco Capital","og_description":"Article 1 &#8211; Informations obligatoires POINTCO CAPITAL est compos\u00e9 de trois entit\u00e9s POINTCO INVESTMENT, POINTCO HEALTHCARE et POINTCO ASSET MANAGEMENT. POINTCO INVESTMENT propose des opportunit\u00e9s d\u2019investissement et un accompagnement sur-mesure dans la r\u00e9alisation des transactions immobili\u00e8res. POINTCO HEALTHCARE accompagne les exploitants du secteur de la sant\u00e9 dans leur d\u00e9veloppement et leur propose un service de [&hellip;]","og_url":"https:\/\/www.pointcocapital.com\/fr\/general-terms-of-use\/","og_site_name":"Pointco Capital","article_modified_time":"2023-08-21T13:24:30+00:00","twitter_card":"summary_large_image","twitter_misc":{"Dur\u00e9e de lecture estim\u00e9e":"6 minutes"},"schema":{"@context":"https:\/\/schema.org","@graph":[{"@type":"WebPage","@id":"https:\/\/www.pointcocapital.com\/fr\/general-terms-of-use\/","url":"https:\/\/www.pointcocapital.com\/fr\/general-terms-of-use\/","name":"Conditions G\u00e9n\u00e9rales d\u2019Utilisation | Pointco Capital","isPartOf":{"@id":"https:\/\/www.pointcocapital.com\/fr\/#website"},"datePublished":"2023-01-23T09:20:15+00:00","dateModified":"2023-08-21T13:24:30+00:00","breadcrumb":{"@id":"https:\/\/www.pointcocapital.com\/fr\/general-terms-of-use\/#breadcrumb"},"inLanguage":"fr-FR","potentialAction":[{"@type":"ReadAction","target":[["https:\/\/www.pointcocapital.com\/fr\/general-terms-of-use\/"]]}]},{"@type":"BreadcrumbList","@id":"https:\/\/www.pointcocapital.com\/fr\/general-terms-of-use\/#breadcrumb","itemListElement":[{"@type":"ListItem","position":1,"name":"Home","item":"https:\/\/www.pointcocapital.com\/fr\/"},{"@type":"ListItem","position":2,"name":"General Terms of Use"}]},{"@type":"WebSite","@id":"https:\/\/www.pointcocapital.com\/fr\/#website","url":"https:\/\/www.pointcocapital.com\/fr\/","name":"Pointco Capital","description":"","publisher":{"@id":"https:\/\/www.pointcocapital.com\/fr\/#organization"},"potentialAction":[{"@type":"SearchAction","target":{"@type":"EntryPoint","urlTemplate":"https:\/\/www.pointcocapital.com\/fr\/?s={search_term_string}"},"query-input":{"@type":"PropertyValueSpecification","valueRequired":true,"valueName":"search_term_string"}}],"inLanguage":"fr-FR"},{"@type":"Organization","@id":"https:\/\/www.pointcocapital.com\/fr\/#organization","name":"Pointco Capital","url":"https:\/\/www.pointcocapital.com\/fr\/","logo":{"@type":"ImageObject","inLanguage":"fr-FR","@id":"https:\/\/www.pointcocapital.com\/fr\/#\/schema\/logo\/image\/","url":"https:\/\/www.pointcocapital.com\/wp-content\/uploads\/2022\/03\/pg-logo.svg","contentUrl":"https:\/\/www.pointcocapital.com\/wp-content\/uploads\/2022\/03\/pg-logo.svg","width":185,"height":115,"caption":"Pointco Capital"},"image":{"@id":"https:\/\/www.pointcocapital.com\/fr\/#\/schema\/logo\/image\/"}}]}},"_links":{"self":[{"href":"https:\/\/www.pointcocapital.com\/fr\/wp-json\/wp\/v2\/pages\/2015","targetHints":{"allow":["GET"]}}],"collection":[{"href":"https:\/\/www.pointcocapital.com\/fr\/wp-json\/wp\/v2\/pages"}],"about":[{"href":"https:\/\/www.pointcocapital.com\/fr\/wp-json\/wp\/v2\/types\/page"}],"author":[{"embeddable":true,"href":"https:\/\/www.pointcocapital.com\/fr\/wp-json\/wp\/v2\/users\/4"}],"replies":[{"embeddable":true,"href":"https:\/\/www.pointcocapital.com\/fr\/wp-json\/wp\/v2\/comments?post=2015"}],"version-history":[{"count":30,"href":"https:\/\/www.pointcocapital.com\/fr\/wp-json\/wp\/v2\/pages\/2015\/revisions"}],"predecessor-version":[{"id":2221,"href":"https:\/\/www.pointcocapital.com\/fr\/wp-json\/wp\/v2\/pages\/2015\/revisions\/2221"}],"wp:attachment":[{"href":"https:\/\/www.pointcocapital.com\/fr\/wp-json\/wp\/v2\/media?parent=2015"}],"curies":[{"name":"wp","href":"https:\/\/api.w.org\/{rel}","templated":true}]}}