{"id":3,"date":"2022-03-24T20:03:30","date_gmt":"2022-03-24T18:03:30","guid":{"rendered":"https:\/\/www.pointcogroup.com\/?page_id=3"},"modified":"2023-08-22T10:00:08","modified_gmt":"2023-08-22T08:00:08","slug":"privacy-policy","status":"publish","type":"page","link":"https:\/\/www.pointcocapital.com\/es\/privacy-policy\/","title":{"rendered":"Aviso legal"},"content":{"rendered":"<p>Este sitio <a href=\"https:\/\/www.pointcocapital.com\">https:\/\/www.pointcocapital.com<\/a> (en adelante, el \u00abSitio\u00bb) es publicado por PointCo Capital.<\/p>\r\n<p>&nbsp;<\/p>\r\n<p><strong>Domicilio social:<\/strong> 10 rue de Penthi\u00e8vre, 75008, Par\u00eds<br \/>SAS unipersonal con un capital de 100.000 \u20ac registrada en el RCS de Par\u00eds con el n\u00famero 539 807 677<br \/>N\u00famero de IVA intracomunitario: FR89539807677<br \/><strong>Tel\u00e9fono :<\/strong> <a href=\"tel:+33176433444\">(+33) 1 76 43 34 44<\/a><br \/><strong>Correo electr\u00f3nico:<\/strong> <a href=\"mailto:contact@pointcocapital.fr\">contact@pointcocapital.fr<\/a><br \/><strong>Director de publicaci\u00f3n:<\/strong> Sr. J\u00e9r\u00f4me Cornille, CEO de PointCo Capital<br \/><br \/><\/p>\r\n<p>&nbsp;<\/p>\r\n<p><strong>El alojamiento del sitio<\/strong> es proporcionado por la empresa OVH.<br \/>SAS au capital de 10 174 560 \u20ac<br \/>RCS Lille M\u00e9tropole 424 761 419 00045<br \/>2 rue Kellermann &#8211; 59100 Roubaix &#8211; France<\/p>\r\n<p>POINTCO CAPITAL lleva a cabo, en particular, una actividad de agente inmobiliario regulada por la Ley n\u00ba 70-9 de 2 de Enero de 1970 y su decreto de aplicaci\u00f3n n\u00ba 72-678 de 20 de Julio de 1972.<br \/>POINTCO CAPITAL est\u00e1 inscrita en el Registro Mercantil de Par\u00eds.<br \/>N\u00famero de tarjeta profesional: CPI 7501 2021 000 000 614<br \/>CCI para la emisi\u00f3n de la tarjeta profesional: CCI Paris Ile-de-France<\/p>\r\n<p>&nbsp;<\/p>\r\n<p><strong>Cr\u00e9ditos<\/strong><br \/>2022 \u2013 POINTCO CAPITAL \u2013 TODOS LOS DERECHOS RESERVADOS<br \/>Fotos de Cyril Abad &amp; Mathias Zwick (de Inland Stories)<br \/>Contenido de PointCo Capital Communication<br \/>Dise\u00f1ado por PointCo Capital Communication &amp; Arttractiv<br \/>Desarrollado por Arttractiv<\/p>\r\n<p>&nbsp;<\/p>","protected":false},"excerpt":{"rendered":"<p>Este sitio https:\/\/www.pointcocapital.com (en adelante, el \u00abSitio\u00bb) es publicado por PointCo Capital. &nbsp; Domicilio social: 10 rue de Penthi\u00e8vre, 75008, Par\u00edsSAS unipersonal con un capital de 100.000 \u20ac registrada en el RCS de Par\u00eds con el n\u00famero 539 807 677N\u00famero de IVA intracomunitario: FR89539807677Tel\u00e9fono : (+33) 1 76 43 34 44Correo electr\u00f3nico: contact@pointcocapital.frDirector de publicaci\u00f3n: [&hellip;]<\/p>\n","protected":false},"author":5,"featured_media":0,"parent":0,"menu_order":3,"comment_status":"closed","ping_status":"open","template":"","meta":{"inline_featured_image":false,"footnotes":""},"class_list":["post-3","page","type-page","status-publish","hentry"],"acf":[],"yoast_head":"<!-- This site is optimized with the Yoast SEO plugin v26.6 - https:\/\/yoast.com\/wordpress\/plugins\/seo\/ -->\n<title>Aviso legal | Pointco Capital<\/title>\n<meta name=\"robots\" content=\"index, follow, max-snippet:-1, max-image-preview:large, max-video-preview:-1\" \/>\n<link rel=\"canonical\" href=\"https:\/\/www.pointcocapital.com\/es\/privacy-policy\/\" \/>\n<meta property=\"og:locale\" content=\"es_ES\" \/>\n<meta property=\"og:type\" content=\"article\" \/>\n<meta property=\"og:title\" content=\"Aviso legal | Pointco Capital\" \/>\n<meta property=\"og:description\" content=\"Este sitio https:\/\/www.pointcocapital.com (en adelante, el \u00abSitio\u00bb) es publicado por PointCo Capital. &nbsp; Domicilio social: 10 rue de Penthi\u00e8vre, 75008, Par\u00edsSAS unipersonal con un capital de 100.000 \u20ac registrada en el RCS de Par\u00eds con el n\u00famero 539 807 677N\u00famero de IVA intracomunitario: FR89539807677Tel\u00e9fono : (+33) 1 76 43 34 44Correo electr\u00f3nico: contact@pointcocapital.frDirector de publicaci\u00f3n: [&hellip;]\" \/>\n<meta property=\"og:url\" content=\"https:\/\/www.pointcocapital.com\/es\/privacy-policy\/\" \/>\n<meta property=\"og:site_name\" content=\"Pointco Capital\" \/>\n<meta property=\"article:modified_time\" content=\"2023-08-22T08:00:08+00:00\" \/>\n<meta name=\"twitter:card\" content=\"summary_large_image\" \/>\n<meta name=\"twitter:label1\" content=\"Tiempo de lectura\" \/>\n\t<meta name=\"twitter:data1\" content=\"1 minuto\" \/>\n<script type=\"application\/ld+json\" class=\"yoast-schema-graph\">{\"@context\":\"https:\/\/schema.org\",\"@graph\":[{\"@type\":\"WebPage\",\"@id\":\"https:\/\/www.pointcocapital.com\/es\/privacy-policy\/\",\"url\":\"https:\/\/www.pointcocapital.com\/es\/privacy-policy\/\",\"name\":\"Aviso legal | Pointco Capital\",\"isPartOf\":{\"@id\":\"https:\/\/www.pointcocapital.com\/es\/#website\"},\"datePublished\":\"2022-03-24T18:03:30+00:00\",\"dateModified\":\"2023-08-22T08:00:08+00:00\",\"breadcrumb\":{\"@id\":\"https:\/\/www.pointcocapital.com\/es\/privacy-policy\/#breadcrumb\"},\"inLanguage\":\"es\",\"potentialAction\":[{\"@type\":\"ReadAction\",\"target\":[[\"https:\/\/www.pointcocapital.com\/es\/privacy-policy\/\"]]}]},{\"@type\":\"BreadcrumbList\",\"@id\":\"https:\/\/www.pointcocapital.com\/es\/privacy-policy\/#breadcrumb\",\"itemListElement\":[{\"@type\":\"ListItem\",\"position\":1,\"name\":\"Home\",\"item\":\"https:\/\/www.pointcocapital.com\/es\/\"},{\"@type\":\"ListItem\",\"position\":2,\"name\":\"Legal notices\"}]},{\"@type\":\"WebSite\",\"@id\":\"https:\/\/www.pointcocapital.com\/es\/#website\",\"url\":\"https:\/\/www.pointcocapital.com\/es\/\",\"name\":\"Pointco Capital\",\"description\":\"\",\"publisher\":{\"@id\":\"https:\/\/www.pointcocapital.com\/es\/#organization\"},\"potentialAction\":[{\"@type\":\"SearchAction\",\"target\":{\"@type\":\"EntryPoint\",\"urlTemplate\":\"https:\/\/www.pointcocapital.com\/es\/?s={search_term_string}\"},\"query-input\":{\"@type\":\"PropertyValueSpecification\",\"valueRequired\":true,\"valueName\":\"search_term_string\"}}],\"inLanguage\":\"es\"},{\"@type\":\"Organization\",\"@id\":\"https:\/\/www.pointcocapital.com\/es\/#organization\",\"name\":\"Pointco Capital\",\"url\":\"https:\/\/www.pointcocapital.com\/es\/\",\"logo\":{\"@type\":\"ImageObject\",\"inLanguage\":\"es\",\"@id\":\"https:\/\/www.pointcocapital.com\/es\/#\/schema\/logo\/image\/\",\"url\":\"https:\/\/www.pointcocapital.com\/wp-content\/uploads\/2022\/03\/pg-logo.svg\",\"contentUrl\":\"https:\/\/www.pointcocapital.com\/wp-content\/uploads\/2022\/03\/pg-logo.svg\",\"width\":185,\"height\":115,\"caption\":\"Pointco Capital\"},\"image\":{\"@id\":\"https:\/\/www.pointcocapital.com\/es\/#\/schema\/logo\/image\/\"}}]}<\/script>\n<!-- \/ Yoast SEO plugin. -->","yoast_head_json":{"title":"Aviso legal | Pointco Capital","robots":{"index":"index","follow":"follow","max-snippet":"max-snippet:-1","max-image-preview":"max-image-preview:large","max-video-preview":"max-video-preview:-1"},"canonical":"https:\/\/www.pointcocapital.com\/es\/privacy-policy\/","og_locale":"es_ES","og_type":"article","og_title":"Aviso legal | Pointco Capital","og_description":"Este sitio https:\/\/www.pointcocapital.com (en adelante, el \u00abSitio\u00bb) es publicado por PointCo Capital. &nbsp; Domicilio social: 10 rue de Penthi\u00e8vre, 75008, Par\u00edsSAS unipersonal con un capital de 100.000 \u20ac registrada en el RCS de Par\u00eds con el n\u00famero 539 807 677N\u00famero de IVA intracomunitario: FR89539807677Tel\u00e9fono : (+33) 1 76 43 34 44Correo electr\u00f3nico: contact@pointcocapital.frDirector de publicaci\u00f3n: [&hellip;]","og_url":"https:\/\/www.pointcocapital.com\/es\/privacy-policy\/","og_site_name":"Pointco Capital","article_modified_time":"2023-08-22T08:00:08+00:00","twitter_card":"summary_large_image","twitter_misc":{"Tiempo de lectura":"1 minuto"},"schema":{"@context":"https:\/\/schema.org","@graph":[{"@type":"WebPage","@id":"https:\/\/www.pointcocapital.com\/es\/privacy-policy\/","url":"https:\/\/www.pointcocapital.com\/es\/privacy-policy\/","name":"Aviso legal | Pointco Capital","isPartOf":{"@id":"https:\/\/www.pointcocapital.com\/es\/#website"},"datePublished":"2022-03-24T18:03:30+00:00","dateModified":"2023-08-22T08:00:08+00:00","breadcrumb":{"@id":"https:\/\/www.pointcocapital.com\/es\/privacy-policy\/#breadcrumb"},"inLanguage":"es","potentialAction":[{"@type":"ReadAction","target":[["https:\/\/www.pointcocapital.com\/es\/privacy-policy\/"]]}]},{"@type":"BreadcrumbList","@id":"https:\/\/www.pointcocapital.com\/es\/privacy-policy\/#breadcrumb","itemListElement":[{"@type":"ListItem","position":1,"name":"Home","item":"https:\/\/www.pointcocapital.com\/es\/"},{"@type":"ListItem","position":2,"name":"Legal notices"}]},{"@type":"WebSite","@id":"https:\/\/www.pointcocapital.com\/es\/#website","url":"https:\/\/www.pointcocapital.com\/es\/","name":"Pointco Capital","description":"","publisher":{"@id":"https:\/\/www.pointcocapital.com\/es\/#organization"},"potentialAction":[{"@type":"SearchAction","target":{"@type":"EntryPoint","urlTemplate":"https:\/\/www.pointcocapital.com\/es\/?s={search_term_string}"},"query-input":{"@type":"PropertyValueSpecification","valueRequired":true,"valueName":"search_term_string"}}],"inLanguage":"es"},{"@type":"Organization","@id":"https:\/\/www.pointcocapital.com\/es\/#organization","name":"Pointco Capital","url":"https:\/\/www.pointcocapital.com\/es\/","logo":{"@type":"ImageObject","inLanguage":"es","@id":"https:\/\/www.pointcocapital.com\/es\/#\/schema\/logo\/image\/","url":"https:\/\/www.pointcocapital.com\/wp-content\/uploads\/2022\/03\/pg-logo.svg","contentUrl":"https:\/\/www.pointcocapital.com\/wp-content\/uploads\/2022\/03\/pg-logo.svg","width":185,"height":115,"caption":"Pointco Capital"},"image":{"@id":"https:\/\/www.pointcocapital.com\/es\/#\/schema\/logo\/image\/"}}]}},"_links":{"self":[{"href":"https:\/\/www.pointcocapital.com\/es\/wp-json\/wp\/v2\/pages\/3","targetHints":{"allow":["GET"]}}],"collection":[{"href":"https:\/\/www.pointcocapital.com\/es\/wp-json\/wp\/v2\/pages"}],"about":[{"href":"https:\/\/www.pointcocapital.com\/es\/wp-json\/wp\/v2\/types\/page"}],"author":[{"embeddable":true,"href":"https:\/\/www.pointcocapital.com\/es\/wp-json\/wp\/v2\/users\/5"}],"replies":[{"embeddable":true,"href":"https:\/\/www.pointcocapital.com\/es\/wp-json\/wp\/v2\/comments?post=3"}],"version-history":[{"count":29,"href":"https:\/\/www.pointcocapital.com\/es\/wp-json\/wp\/v2\/pages\/3\/revisions"}],"predecessor-version":[{"id":2222,"href":"https:\/\/www.pointcocapital.com\/es\/wp-json\/wp\/v2\/pages\/3\/revisions\/2222"}],"wp:attachment":[{"href":"https:\/\/www.pointcocapital.com\/es\/wp-json\/wp\/v2\/media?parent=3"}],"curies":[{"name":"wp","href":"https:\/\/api.w.org\/{rel}","templated":true}]}}